{"id":56949,"date":"2021-01-22T10:41:19","date_gmt":"2021-01-22T13:41:19","guid":{"rendered":"https:\/\/www.livrariarema.com.br\/loja\/produtos\/sem%20categoria\/ntg243-novo-testamento-grego\/"},"modified":"2025-09-17T14:03:18","modified_gmt":"2025-09-17T17:03:18","slug":"ntg243-novo-testamento-grego","status":"publish","type":"product","link":"https:\/\/www.livrariarema.com.br\/loja\/produtos\/biblias\/outros-idiomas\/ntg243-novo-testamento-grego\/","title":{"rendered":"Ntg243 &#8211; Novo Testamento Grego"},"content":{"rendered":"<p>Quinta edi\u00e7\u00e3o revisada do Novo Testamento Grego. O texto grego, estabelecido por uma comiss\u00e3o internacional e interconfessional, \u00e9 id\u00eantico \u00e0 28\u00aa edi\u00e7\u00e3o do Novum Testamentum Graece de Nestle-Aland.<\/p>\n","protected":false},"excerpt":{"rendered":"<p>Quinta edi\u00e7\u00e3o revisada do Novo Testamento Grego. O texto grego, estabelecido por uma comiss\u00e3o internacional e interconfessional, \u00e9 id\u00eantico \u00e0&hellip;<\/p>\n","protected":false},"featured_media":337232,"comment_status":"open","ping_status":"closed","template":"","meta":[],"product_cat":[139,141],"product_tag":[],"_links":{"self":[{"href":"https:\/\/www.livrariarema.com.br\/loja\/wp-json\/wp\/v2\/product\/56949"}],"collection":[{"href":"https:\/\/www.livrariarema.com.br\/loja\/wp-json\/wp\/v2\/product"}],"about":[{"href":"https:\/\/www.livrariarema.com.br\/loja\/wp-json\/wp\/v2\/types\/product"}],"replies":[{"embeddable":true,"href":"https:\/\/www.livrariarema.com.br\/loja\/wp-json\/wp\/v2\/comments?post=56949"}],"wp:featuredmedia":[{"embeddable":true,"href":"https:\/\/www.livrariarema.com.br\/loja\/wp-json\/wp\/v2\/media\/337232"}],"wp:attachment":[{"href":"https:\/\/www.livrariarema.com.br\/loja\/wp-json\/wp\/v2\/media?parent=56949"}],"wp:term":[{"taxonomy":"product_cat","embeddable":true,"href":"https:\/\/www.livrariarema.com.br\/loja\/wp-json\/wp\/v2\/product_cat?post=56949"},{"taxonomy":"product_tag","embeddable":true,"href":"https:\/\/www.livrariarema.com.br\/loja\/wp-json\/wp\/v2\/product_tag?post=56949"}],"curies":[{"name":"wp","href":"https:\/\/api.w.org\/{rel}","templated":true}]}}