{"id":57027,"date":"2021-01-22T10:43:38","date_gmt":"2021-01-22T13:43:38","guid":{"rendered":"https:\/\/www.livrariarema.com.br\/loja\/produtos\/sem%20categoria\/biblia-do-bebe-historias-inesqueciveis\/"},"modified":"2025-07-19T10:50:47","modified_gmt":"2025-07-19T13:50:47","slug":"biblia-do-bebe-historias-inesqueciveis","status":"publish","type":"product","link":"https:\/\/www.livrariarema.com.br\/loja\/produtos\/livros\/infantil\/biblia-do-bebe-historias-inesqueciveis\/","title":{"rendered":"B\u00edblia Do Beb\u00ea &#8211; Hist\u00f3rias Inesquec\u00edveis"},"content":{"rendered":"<p>As hist\u00f3rias b\u00edblicas narradas de maneira simples e ricamente ilustradas para que beb\u00eas e crian\u00e7as possam conhecer desde cedo o amor de Deus.<\/p>\n","protected":false},"excerpt":{"rendered":"<p>As hist\u00f3rias b\u00edblicas narradas de maneira simples e ricamente ilustradas para que beb\u00eas e crian\u00e7as possam conhecer desde cedo o&hellip;<\/p>\n","protected":false},"featured_media":305999,"comment_status":"open","ping_status":"closed","template":"","meta":[],"product_cat":[144,134],"product_tag":[],"_links":{"self":[{"href":"https:\/\/www.livrariarema.com.br\/loja\/wp-json\/wp\/v2\/product\/57027"}],"collection":[{"href":"https:\/\/www.livrariarema.com.br\/loja\/wp-json\/wp\/v2\/product"}],"about":[{"href":"https:\/\/www.livrariarema.com.br\/loja\/wp-json\/wp\/v2\/types\/product"}],"replies":[{"embeddable":true,"href":"https:\/\/www.livrariarema.com.br\/loja\/wp-json\/wp\/v2\/comments?post=57027"}],"wp:featuredmedia":[{"embeddable":true,"href":"https:\/\/www.livrariarema.com.br\/loja\/wp-json\/wp\/v2\/media\/305999"}],"wp:attachment":[{"href":"https:\/\/www.livrariarema.com.br\/loja\/wp-json\/wp\/v2\/media?parent=57027"}],"wp:term":[{"taxonomy":"product_cat","embeddable":true,"href":"https:\/\/www.livrariarema.com.br\/loja\/wp-json\/wp\/v2\/product_cat?post=57027"},{"taxonomy":"product_tag","embeddable":true,"href":"https:\/\/www.livrariarema.com.br\/loja\/wp-json\/wp\/v2\/product_tag?post=57027"}],"curies":[{"name":"wp","href":"https:\/\/api.w.org\/{rel}","templated":true}]}}