{"id":57049,"date":"2021-01-22T10:44:22","date_gmt":"2021-01-22T13:44:22","guid":{"rendered":"https:\/\/www.livrariarema.com.br\/loja\/produtos\/sem%20categoria\/agir-invisivel-de-deus-o-luciano-subira\/"},"modified":"2026-03-17T14:20:37","modified_gmt":"2026-03-17T17:20:37","slug":"agir-invisivel-de-deus-o-luciano-subira","status":"publish","type":"product","link":"https:\/\/www.livrariarema.com.br\/loja\/produtos\/livros\/vida-crista\/agir-invisivel-de-deus-o-luciano-subira\/","title":{"rendered":"Agir Invis\u00edvel De Deus, O &#8211; Luciano Subir\u00e1"},"content":{"rendered":"<p>A F\u00e9 crist\u00e3 tem crescido e se espalhado pelo nosso pa\u00eds de forma surpreendente. Devemos reconhecer que a velocidade de ganhar almas foi muito maior do que a capacidade da igreja se amadurecer. A maneira que Deus age nem sempre corresponde \u00e0s nossas expectativas.<\/p>\n<p>Devemos compreender o modo de como Deus define a sua vontade, mesmo imaturos. Tentamos encontrar respostas para todas as perguntas, como nosso conhecimento delimitado conseguisse esquadrinhar o pensamento do nosso Senhor e Salvador Jesus Cristo. Se algo acontece com alguma pessoa, sabemos por que; se deixa de acontecer, tamb\u00e9m sabemos a resposta.<\/p>\n<p>Neste livro O Agir Invis\u00edvel de Deus o autor Luciano Subir\u00e1 comprova que as nossas justifica\u00e7\u00f5es sobre a vida est\u00e3o longes de serem respondidas. Luciano Subir\u00e1 Lembra-nos que nosso alvo deve ser buscado em Deus em uma dimens\u00e3o mais profunda de revela\u00e7\u00e3o da sua palavra.<\/p>\n<p>Necessitamos acreditar na soberania de Deus e aceitar a realidade de que nem sempre encontraremos todas as respostas, mas sempre poderemos percorrer nossa jornada na certeza de que ele tem o melhor para n\u00f3s, quer compreendamos, quer n\u00e3o.<\/p>\n","protected":false},"excerpt":{"rendered":"<p>A F\u00e9 crist\u00e3 tem crescido e se espalhado pelo nosso pa\u00eds de forma surpreendente. Devemos reconhecer que a velocidade de&hellip;<\/p>\n","protected":false},"featured_media":343824,"comment_status":"open","ping_status":"closed","template":"","meta":[],"product_cat":[134,137],"product_tag":[],"_links":{"self":[{"href":"https:\/\/www.livrariarema.com.br\/loja\/wp-json\/wp\/v2\/product\/57049"}],"collection":[{"href":"https:\/\/www.livrariarema.com.br\/loja\/wp-json\/wp\/v2\/product"}],"about":[{"href":"https:\/\/www.livrariarema.com.br\/loja\/wp-json\/wp\/v2\/types\/product"}],"replies":[{"embeddable":true,"href":"https:\/\/www.livrariarema.com.br\/loja\/wp-json\/wp\/v2\/comments?post=57049"}],"wp:featuredmedia":[{"embeddable":true,"href":"https:\/\/www.livrariarema.com.br\/loja\/wp-json\/wp\/v2\/media\/343824"}],"wp:attachment":[{"href":"https:\/\/www.livrariarema.com.br\/loja\/wp-json\/wp\/v2\/media?parent=57049"}],"wp:term":[{"taxonomy":"product_cat","embeddable":true,"href":"https:\/\/www.livrariarema.com.br\/loja\/wp-json\/wp\/v2\/product_cat?post=57049"},{"taxonomy":"product_tag","embeddable":true,"href":"https:\/\/www.livrariarema.com.br\/loja\/wp-json\/wp\/v2\/product_tag?post=57049"}],"curies":[{"name":"wp","href":"https:\/\/api.w.org\/{rel}","templated":true}]}}