{"id":57057,"date":"2021-01-22T10:44:37","date_gmt":"2021-01-22T13:44:37","guid":{"rendered":"https:\/\/www.livrariarema.com.br\/loja\/produtos\/sem%20categoria\/misterio-de-cruz-das-almas-mauricio-zagari\/"},"modified":"2025-11-13T12:30:47","modified_gmt":"2025-11-13T15:30:47","slug":"misterio-de-cruz-das-almas-mauricio-zagari","status":"publish","type":"product","link":"https:\/\/www.livrariarema.com.br\/loja\/produtos\/livros\/juvenil\/misterio-de-cruz-das-almas-mauricio-zagari\/","title":{"rendered":"Mist\u00e9rio De Cruz Das Almas &#8211; Mauricio Z\u00e1gari"},"content":{"rendered":"<p>Nesta nova aventura, Daniel est\u00e1 prestes a realizar um trabalho mission\u00e1rio quando se v\u00ea obrigado a enfrentar e combater, com coragem e f\u00e9, situa\u00e7\u00f5es que envolvem misticismo, bruxaria e at\u00e9 criaturas das trevas. Numa leitura de tirar o f\u00f4lego, Daniel descobre que \u00e9 poss\u00edvel ser fiel mesmo diante das mais complicadas prova\u00e7\u00f5es, principalmente para algu\u00e9m de sua idade. O mist\u00e9rio de Cruz das Almas tem os ingredientes necess\u00e1rios de um excelente texto ficcional, levando o jovem leitor a envolver-se na hist\u00f3ria do in\u00edcio ao fim.<\/p>\n","protected":false},"excerpt":{"rendered":"<p>Nesta nova aventura, Daniel est\u00e1 prestes a realizar um trabalho mission\u00e1rio quando se v\u00ea obrigado a enfrentar e combater, com&hellip;<\/p>\n","protected":false},"featured_media":339549,"comment_status":"open","ping_status":"closed","template":"","meta":[],"product_cat":[184,134],"product_tag":[],"_links":{"self":[{"href":"https:\/\/www.livrariarema.com.br\/loja\/wp-json\/wp\/v2\/product\/57057"}],"collection":[{"href":"https:\/\/www.livrariarema.com.br\/loja\/wp-json\/wp\/v2\/product"}],"about":[{"href":"https:\/\/www.livrariarema.com.br\/loja\/wp-json\/wp\/v2\/types\/product"}],"replies":[{"embeddable":true,"href":"https:\/\/www.livrariarema.com.br\/loja\/wp-json\/wp\/v2\/comments?post=57057"}],"wp:featuredmedia":[{"embeddable":true,"href":"https:\/\/www.livrariarema.com.br\/loja\/wp-json\/wp\/v2\/media\/339549"}],"wp:attachment":[{"href":"https:\/\/www.livrariarema.com.br\/loja\/wp-json\/wp\/v2\/media?parent=57057"}],"wp:term":[{"taxonomy":"product_cat","embeddable":true,"href":"https:\/\/www.livrariarema.com.br\/loja\/wp-json\/wp\/v2\/product_cat?post=57057"},{"taxonomy":"product_tag","embeddable":true,"href":"https:\/\/www.livrariarema.com.br\/loja\/wp-json\/wp\/v2\/product_tag?post=57057"}],"curies":[{"name":"wp","href":"https:\/\/api.w.org\/{rel}","templated":true}]}}