{"id":57063,"date":"2021-01-22T10:44:49","date_gmt":"2021-01-22T13:44:49","guid":{"rendered":"https:\/\/www.livrariarema.com.br\/loja\/produtos\/sem%20categoria\/reflexoes-cristas-c-s-lewis\/"},"modified":"2026-02-24T17:32:16","modified_gmt":"2026-02-24T20:32:16","slug":"reflexoes-cristas-c-s-lewis","status":"publish","type":"product","link":"https:\/\/www.livrariarema.com.br\/loja\/produtos\/livros\/vida-crista\/reflexoes-cristas-c-s-lewis\/","title":{"rendered":"Reflex\u00f5es Crist\u00e3s &#8211; C. S. Lewis"},"content":{"rendered":"<p>C. S. Lewis foi apontado como uma apologeta crist\u00e3o excepcional e tamb\u00e9m um cr\u00edtico de sua \u00e9poca. Neste livro s\u00e3o reunidas reflex\u00f5es crist\u00e3s de C. S. Lewis que cont\u00e9m aproximadamente todos os per\u00edodos de sua carreira, lan\u00e7ados regularmente ou lidos em grupos acad\u00eamicos. Reflex\u00f5es Crist\u00e3s do autor C. S. Lewis aventura-se a dissertar, investigar e considerar assuntos diversos como cultura, \u00e9tica, literatura, m\u00fasica, pr\u00e1ticas devocionais, tudo em seu estilo inconfund\u00edvel. Sem receio de controv\u00e9rsias, neste livro Reflex\u00f5es Crist\u00e3s o autor C. S. Lewis desafia a alma da seculariza\u00e7\u00e3o que mostrou durante ao longo de sua vida (e que aparentava ser mais alarmante na d\u00e9cada de 1960, quanto esta obra foi originalmente publicada) com uma teologia poderosa, uma coer\u00eancia perfeita e uma s\u00f3lida convic\u00e7\u00f5es de valores &#8211; o cristianismo puro e simples &#8211; que envolveu e defendeu at\u00e9 o fim da vida.<\/p>\n","protected":false},"excerpt":{"rendered":"<p>C. S. Lewis foi apontado como uma apologeta crist\u00e3o excepcional e tamb\u00e9m um cr\u00edtico de sua \u00e9poca. Neste livro s\u00e3o&hellip;<\/p>\n","protected":false},"featured_media":345427,"comment_status":"open","ping_status":"closed","template":"","meta":[],"product_cat":[134,137],"product_tag":[],"_links":{"self":[{"href":"https:\/\/www.livrariarema.com.br\/loja\/wp-json\/wp\/v2\/product\/57063"}],"collection":[{"href":"https:\/\/www.livrariarema.com.br\/loja\/wp-json\/wp\/v2\/product"}],"about":[{"href":"https:\/\/www.livrariarema.com.br\/loja\/wp-json\/wp\/v2\/types\/product"}],"replies":[{"embeddable":true,"href":"https:\/\/www.livrariarema.com.br\/loja\/wp-json\/wp\/v2\/comments?post=57063"}],"wp:featuredmedia":[{"embeddable":true,"href":"https:\/\/www.livrariarema.com.br\/loja\/wp-json\/wp\/v2\/media\/345427"}],"wp:attachment":[{"href":"https:\/\/www.livrariarema.com.br\/loja\/wp-json\/wp\/v2\/media?parent=57063"}],"wp:term":[{"taxonomy":"product_cat","embeddable":true,"href":"https:\/\/www.livrariarema.com.br\/loja\/wp-json\/wp\/v2\/product_cat?post=57063"},{"taxonomy":"product_tag","embeddable":true,"href":"https:\/\/www.livrariarema.com.br\/loja\/wp-json\/wp\/v2\/product_tag?post=57063"}],"curies":[{"name":"wp","href":"https:\/\/api.w.org\/{rel}","templated":true}]}}