{"id":57128,"date":"2021-01-22T10:49:30","date_gmt":"2021-01-22T13:49:30","guid":{"rendered":"https:\/\/www.livrariarema.com.br\/loja\/produtos\/sem%20categoria\/caneca-de-porcelana-urban-360ml-cat\/"},"modified":"2026-04-28T09:10:22","modified_gmt":"2026-04-28T12:10:22","slug":"caneca-de-porcelana-urban-360ml-cat","status":"publish","type":"product","link":"https:\/\/www.livrariarema.com.br\/loja\/produtos\/diversos\/caneca\/caneca-de-porcelana-urban-360ml-cat\/","title":{"rendered":"Caneca De Porcelana &#8211; Urban 300Ml &#8211; Cat"},"content":{"rendered":"<p>A Caneca CAT \u00e9 perfeita pra quem quer apreciar suas bebidas favoritas com um toque de sofistica\u00e7\u00e3o.<BR><br \/>\n<BR><br \/>\nA Caneca Urban \u00e9 fabricada em porcelana de alta qualidade que garante maior durabilidade durante seu uso. Ela \u00e9 perfeita para voc\u00ea apreciar sua bebida favorita de um jeito todo especial.<BR><br \/>\n<BR><br \/>\nA Linha de Canecas Urban \u00e9 um item essencial no seu caf\u00e9 da manh\u00e3, al\u00e9m disso voc\u00ea pode us\u00e1-la como porta treco, porta l\u00e1pis ou presentear algu\u00e9m especial.<BR><br \/>\n<BR><br \/>\nCaracter\u00edsticas:<BR><br \/>\nAltura: 9 cm<BR><br \/>\nDi\u00e2metro: 8.5 cm<BR><br \/>\nCapacidade: 300 ml<BR><br \/>\nCont\u00e9m 1 caneca<BR><br \/>\n<BR><br \/>\nCuidados:<BR><br \/>\nLavar com \u00e1gua e sab\u00e3o neutro<BR><br \/>\nN\u00e3o utilizar produtos qu\u00edmicos e abrasivos<BR><br \/>\nImpactos podem danificar o produto<BR><\/p>\n","protected":false},"excerpt":{"rendered":"<p>A Caneca CAT \u00e9 perfeita pra quem quer apreciar suas bebidas favoritas com um toque de sofistica\u00e7\u00e3o. A Caneca Urban&hellip;<\/p>\n","protected":false},"featured_media":347252,"comment_status":"open","ping_status":"closed","template":"","meta":[],"product_cat":[235,132],"product_tag":[],"_links":{"self":[{"href":"https:\/\/www.livrariarema.com.br\/loja\/wp-json\/wp\/v2\/product\/57128"}],"collection":[{"href":"https:\/\/www.livrariarema.com.br\/loja\/wp-json\/wp\/v2\/product"}],"about":[{"href":"https:\/\/www.livrariarema.com.br\/loja\/wp-json\/wp\/v2\/types\/product"}],"replies":[{"embeddable":true,"href":"https:\/\/www.livrariarema.com.br\/loja\/wp-json\/wp\/v2\/comments?post=57128"}],"wp:featuredmedia":[{"embeddable":true,"href":"https:\/\/www.livrariarema.com.br\/loja\/wp-json\/wp\/v2\/media\/347252"}],"wp:attachment":[{"href":"https:\/\/www.livrariarema.com.br\/loja\/wp-json\/wp\/v2\/media?parent=57128"}],"wp:term":[{"taxonomy":"product_cat","embeddable":true,"href":"https:\/\/www.livrariarema.com.br\/loja\/wp-json\/wp\/v2\/product_cat?post=57128"},{"taxonomy":"product_tag","embeddable":true,"href":"https:\/\/www.livrariarema.com.br\/loja\/wp-json\/wp\/v2\/product_tag?post=57128"}],"curies":[{"name":"wp","href":"https:\/\/api.w.org\/{rel}","templated":true}]}}