{"id":57183,"date":"2021-01-22T10:50:40","date_gmt":"2021-01-22T13:50:40","guid":{"rendered":"https:\/\/www.livrariarema.com.br\/loja\/produtos\/sem%20categoria\/harpa-crista-si-bemol-bb\/"},"modified":"2025-04-16T10:52:16","modified_gmt":"2025-04-16T13:52:16","slug":"harpa-crista-si-bemol-bb","status":"publish","type":"product","link":"https:\/\/www.livrariarema.com.br\/loja\/produtos\/livros\/harpas\/harpa-crista-si-bemol-bb\/","title":{"rendered":"Harpa Crist\u00e3 &#8211; Si Bemol (Bb)"},"content":{"rendered":"<p>Esta harpa \u00e9 para instrumentos de sopro que s\u00e3o do tom de Si Bemol: Trompete, Clarinete, Sax Tenor, Sax Soprano, Bar\u00edtono, Tuba.<\/p>\n<p>Nesta harpa s\u00f3 tem a clave de Sol, com duas notas somente, a primeira nota \u00e9 a melodia do hino, a segunda seria a segunda voz do hino, no caso, a voz do contralto.<\/p>\n<p>Nesta Harpa, n\u00e3o possui a letra dos hinos e nem Cifras.<\/p>\n","protected":false},"excerpt":{"rendered":"<p>Esta harpa \u00e9 para instrumentos de sopro que s\u00e3o do tom de Si Bemol: Trompete, Clarinete, Sax Tenor, Sax Soprano,&hellip;<\/p>\n","protected":false},"featured_media":329472,"comment_status":"open","ping_status":"closed","template":"","meta":[],"product_cat":[221,134],"product_tag":[],"_links":{"self":[{"href":"https:\/\/www.livrariarema.com.br\/loja\/wp-json\/wp\/v2\/product\/57183"}],"collection":[{"href":"https:\/\/www.livrariarema.com.br\/loja\/wp-json\/wp\/v2\/product"}],"about":[{"href":"https:\/\/www.livrariarema.com.br\/loja\/wp-json\/wp\/v2\/types\/product"}],"replies":[{"embeddable":true,"href":"https:\/\/www.livrariarema.com.br\/loja\/wp-json\/wp\/v2\/comments?post=57183"}],"wp:featuredmedia":[{"embeddable":true,"href":"https:\/\/www.livrariarema.com.br\/loja\/wp-json\/wp\/v2\/media\/329472"}],"wp:attachment":[{"href":"https:\/\/www.livrariarema.com.br\/loja\/wp-json\/wp\/v2\/media?parent=57183"}],"wp:term":[{"taxonomy":"product_cat","embeddable":true,"href":"https:\/\/www.livrariarema.com.br\/loja\/wp-json\/wp\/v2\/product_cat?post=57183"},{"taxonomy":"product_tag","embeddable":true,"href":"https:\/\/www.livrariarema.com.br\/loja\/wp-json\/wp\/v2\/product_tag?post=57183"}],"curies":[{"name":"wp","href":"https:\/\/api.w.org\/{rel}","templated":true}]}}