{"id":57202,"date":"2021-01-22T10:51:22","date_gmt":"2021-01-22T13:51:22","guid":{"rendered":"https:\/\/www.livrariarema.com.br\/loja\/produtos\/sem%20categoria\/ministerio-da-palavra-de-deus-o-watchman-nee-2\/"},"modified":"2025-12-12T09:51:34","modified_gmt":"2025-12-12T12:51:34","slug":"ministerio-da-palavra-de-deus-o-watchman-nee-2","status":"publish","type":"product","link":"https:\/\/www.livrariarema.com.br\/loja\/produtos\/livros\/lideranca\/ministerio-da-palavra-de-deus-o-watchman-nee-2\/","title":{"rendered":"Minist\u00e9rio Da Palavra De Deus, O &#8211; Watchman Nee"},"content":{"rendered":"<p>&#8220;O ministro da Palavra ocupa um lugar importante na obra de Deus. H\u00e1 princ\u00edpios definidos que devem ser aprendidos por aqueles que pregam a Palavra de Deus e servem as pessoas por meio dela. (.) Aprendemos na B\u00edblia que Deus tem uma obra primordial para realizar na Terra, que \u00e9 proclamar Sua pr\u00f3pria Palavra. Se a Palavra de Deus for deixada de lado, ent\u00e3o n\u00e3o sobra quase nada a ser feito na obra de Deus. Sem Palavra n\u00e3o h\u00e1 obra. Quando a Palavra \u00e9 eliminada, a obra \u00e9 reduzida a praticamente zero. Portanto, temos de reconhecer o lugar da Palavra de Deus em Sua obra.&#8221;<\/p>\n<p>&#8220;O principal problema na Igreja hoje \u00e9 a falta de ministros da Palavra. N\u00e3o \u00e9 a raridade da Palavra de Deus ou a falta de frequ\u00eancia das vis\u00f5es, mas sim a escassez daqueles indiv\u00edduos que podem ser usados pelo Senhor.&#8221;<\/p>\n<p>&#8220;Toda a esterilidade, pobreza e corrup\u00e7\u00e3o que encontramos nas igrejas se devem ao elemento humano inadequado na Palavra de Deus. Que Deus possa encontrar aqueles que s\u00e3o quebrantados e humilhados para que Sua Palavra flua por meio deles. N\u00f3s estamos sempre tentando encontrar a Palavra de Deus, mas Deus est\u00e1 continuamente buscando aqueles que Ele possa usar. N\u00f3s buscamos a Palavra de Deus, mas Deus busca Seus ministros.&#8221; &#8211; Watchman Nee<\/p>\n","protected":false},"excerpt":{"rendered":"<p>&#8220;O ministro da Palavra ocupa um lugar importante na obra de Deus. H\u00e1 princ\u00edpios definidos que devem ser aprendidos por&hellip;<\/p>\n","protected":false},"featured_media":338868,"comment_status":"open","ping_status":"closed","template":"","meta":[],"product_cat":[153,134],"product_tag":[],"_links":{"self":[{"href":"https:\/\/www.livrariarema.com.br\/loja\/wp-json\/wp\/v2\/product\/57202"}],"collection":[{"href":"https:\/\/www.livrariarema.com.br\/loja\/wp-json\/wp\/v2\/product"}],"about":[{"href":"https:\/\/www.livrariarema.com.br\/loja\/wp-json\/wp\/v2\/types\/product"}],"replies":[{"embeddable":true,"href":"https:\/\/www.livrariarema.com.br\/loja\/wp-json\/wp\/v2\/comments?post=57202"}],"wp:featuredmedia":[{"embeddable":true,"href":"https:\/\/www.livrariarema.com.br\/loja\/wp-json\/wp\/v2\/media\/338868"}],"wp:attachment":[{"href":"https:\/\/www.livrariarema.com.br\/loja\/wp-json\/wp\/v2\/media?parent=57202"}],"wp:term":[{"taxonomy":"product_cat","embeddable":true,"href":"https:\/\/www.livrariarema.com.br\/loja\/wp-json\/wp\/v2\/product_cat?post=57202"},{"taxonomy":"product_tag","embeddable":true,"href":"https:\/\/www.livrariarema.com.br\/loja\/wp-json\/wp\/v2\/product_tag?post=57202"}],"curies":[{"name":"wp","href":"https:\/\/api.w.org\/{rel}","templated":true}]}}