{"id":57238,"date":"2021-01-22T10:52:36","date_gmt":"2021-01-22T13:52:36","guid":{"rendered":"https:\/\/www.livrariarema.com.br\/loja\/produtos\/sem%20categoria\/apocalipse-a-maior-profecia-do-mundo-lamartine-posella\/"},"modified":"2025-10-29T16:30:51","modified_gmt":"2025-10-29T19:30:51","slug":"apocalipse-a-maior-profecia-do-mundo-lamartine-posella","status":"publish","type":"product","link":"https:\/\/www.livrariarema.com.br\/loja\/produtos\/livros\/escatologia\/apocalipse-a-maior-profecia-do-mundo-lamartine-posella\/","title":{"rendered":"Apocalipse: A Maior Profecia Do Mundo &#8211; Lamartine Posella"},"content":{"rendered":"<p>O que garante que estaremos presentes no arrebatamento?<\/p>\n<p>O fim dos tempos sempre despertou o interesse da humanidade. Desde que o ap\u00f3stolo Jo\u00e3o teve a vis\u00e3o do Apocalipse na ilha de Patmos, muitos estudiosos t\u00eam se dedicado ao longo dos s\u00e9culos a desvendar os segredos que permeiam a revela\u00e7\u00e3o. Com isso, surgiram naturalmente diferentes posi\u00e7\u00f5es e vis\u00f5es ao longo do caminho. E a principal raz\u00e3o dessas diferen\u00e7as est\u00e1 na origem b\u00edblica do Apocalipse.<\/p>\n<p>Desse modo, &#8220;Onde tudo come\u00e7ou?&#8221; e &#8220;De que forma tudo terminar\u00e1?&#8221; s\u00e3o as perguntas \u00e0s quais precisamos responder se quisermos, de fato, compreender a vontade de Deus para os \u00faltimos dias.<\/p>\n","protected":false},"excerpt":{"rendered":"<p>O que garante que estaremos presentes no arrebatamento? O fim dos tempos sempre despertou o interesse da humanidade. Desde que&hellip;<\/p>\n","protected":false},"featured_media":330785,"comment_status":"open","ping_status":"closed","template":"","meta":[],"product_cat":[208,134],"product_tag":[],"_links":{"self":[{"href":"https:\/\/www.livrariarema.com.br\/loja\/wp-json\/wp\/v2\/product\/57238"}],"collection":[{"href":"https:\/\/www.livrariarema.com.br\/loja\/wp-json\/wp\/v2\/product"}],"about":[{"href":"https:\/\/www.livrariarema.com.br\/loja\/wp-json\/wp\/v2\/types\/product"}],"replies":[{"embeddable":true,"href":"https:\/\/www.livrariarema.com.br\/loja\/wp-json\/wp\/v2\/comments?post=57238"}],"wp:featuredmedia":[{"embeddable":true,"href":"https:\/\/www.livrariarema.com.br\/loja\/wp-json\/wp\/v2\/media\/330785"}],"wp:attachment":[{"href":"https:\/\/www.livrariarema.com.br\/loja\/wp-json\/wp\/v2\/media?parent=57238"}],"wp:term":[{"taxonomy":"product_cat","embeddable":true,"href":"https:\/\/www.livrariarema.com.br\/loja\/wp-json\/wp\/v2\/product_cat?post=57238"},{"taxonomy":"product_tag","embeddable":true,"href":"https:\/\/www.livrariarema.com.br\/loja\/wp-json\/wp\/v2\/product_tag?post=57238"}],"curies":[{"name":"wp","href":"https:\/\/api.w.org\/{rel}","templated":true}]}}