{"id":57266,"date":"2021-01-22T10:53:33","date_gmt":"2021-01-22T13:53:33","guid":{"rendered":"https:\/\/www.livrariarema.com.br\/loja\/produtos\/sem%20categoria\/serie-herois-cristaos-ontem-e-hoje-jim-elliot-janet-benge-e-geoff-benge\/"},"modified":"2026-03-04T12:38:05","modified_gmt":"2026-03-04T15:38:05","slug":"serie-herois-cristaos-ontem-e-hoje-jim-elliot-janet-benge-e-geoff-benge","status":"publish","type":"product","link":"https:\/\/www.livrariarema.com.br\/loja\/produtos\/livros\/biografia\/serie-herois-cristaos-ontem-e-hoje-jim-elliot-janet-benge-e-geoff-benge\/","title":{"rendered":"S\u00e9rie Her\u00f3is Crist\u00e3os Ontem E Hoje &#8211; Vol. 06 &#8211; Jim Elliot &#8211; Janet Benge E Geoff Benge"},"content":{"rendered":"<p>Jim e Pete se viraram para ver os homens da tribo &#8220;Auca&#8221; com lan\u00e7as mortais erguidas e correndo em dire\u00e7\u00e3o a Nate, Ed e Roger. Jim estava no rio, com a m\u00e3o em seu revolver. Ele deveria se defender? Ele j\u00e1 sabia o que fazer. Cada homem tinha prometido para o outro que n\u00e3o mataria aqueles, pelos quais cada um havia procurado em nome de Jesus, para salvar a pr\u00f3pria vida.<\/p>\n<p>Na selva do Equador, Jim Elliot e seus colegas de trabalho entregaram suas vidas. Eles confiaram que esse sacrif\u00edcio n\u00e3o seria em v\u00e3o.<\/p>\n","protected":false},"excerpt":{"rendered":"<p>Jim e Pete se viraram para ver os homens da tribo &#8220;Auca&#8221; com lan\u00e7as mortais erguidas e correndo em dire\u00e7\u00e3o&hellip;<\/p>\n","protected":false},"featured_media":345835,"comment_status":"open","ping_status":"closed","template":"","meta":[],"product_cat":[181,134],"product_tag":[],"_links":{"self":[{"href":"https:\/\/www.livrariarema.com.br\/loja\/wp-json\/wp\/v2\/product\/57266"}],"collection":[{"href":"https:\/\/www.livrariarema.com.br\/loja\/wp-json\/wp\/v2\/product"}],"about":[{"href":"https:\/\/www.livrariarema.com.br\/loja\/wp-json\/wp\/v2\/types\/product"}],"replies":[{"embeddable":true,"href":"https:\/\/www.livrariarema.com.br\/loja\/wp-json\/wp\/v2\/comments?post=57266"}],"wp:featuredmedia":[{"embeddable":true,"href":"https:\/\/www.livrariarema.com.br\/loja\/wp-json\/wp\/v2\/media\/345835"}],"wp:attachment":[{"href":"https:\/\/www.livrariarema.com.br\/loja\/wp-json\/wp\/v2\/media?parent=57266"}],"wp:term":[{"taxonomy":"product_cat","embeddable":true,"href":"https:\/\/www.livrariarema.com.br\/loja\/wp-json\/wp\/v2\/product_cat?post=57266"},{"taxonomy":"product_tag","embeddable":true,"href":"https:\/\/www.livrariarema.com.br\/loja\/wp-json\/wp\/v2\/product_tag?post=57266"}],"curies":[{"name":"wp","href":"https:\/\/api.w.org\/{rel}","templated":true}]}}