{"id":57288,"date":"2021-01-22T10:54:16","date_gmt":"2021-01-22T13:54:16","guid":{"rendered":"https:\/\/www.livrariarema.com.br\/loja\/produtos\/sem%20categoria\/homens-de-verdade-richard-d-phillips\/"},"modified":"2026-04-20T10:20:40","modified_gmt":"2026-04-20T13:20:40","slug":"homens-de-verdade-richard-d-phillips","status":"publish","type":"product","link":"https:\/\/www.livrariarema.com.br\/loja\/produtos\/livros\/homem\/homens-de-verdade-richard-d-phillips\/","title":{"rendered":"Homens De Verdade &#8211; Richard D. Phillips"},"content":{"rendered":"<p>O mandato masculino<br \/>\nO que significa ser homem? H\u00e1 uma enorme confus\u00e3o em nossa cultura sobre essa defini\u00e7\u00e3o &#8211; da metrossexualidade ao estere\u00f3tipo mach\u00e3o lenhador. E para o crist\u00e3o, o que significa ser homem de verdade?<\/p>\n<p>Neste livro, Richard D. Phillips corta a cortina de fuma\u00e7a da confus\u00e3o cultural e destaca o mandato de Deus para os homens. Come\u00e7ando no Jardim do \u00c9den, o autor traz ensinos fundamentais que abrangem todas as \u00e1reas da vida e incentiva os homens a trilharem uma jornada de arrependimento e renova\u00e7\u00e3o em dire\u00e7\u00e3o \u00e0 masculinidade b\u00edblica.<\/p>\n<p>Um ideal que podemos estar perdendo \u00e9 o de uma masculinidade crist\u00e3 forte, b\u00edblica e confiante. N\u00e3o faz muito tempo, diziam-nos para entrar em contato com nosso &#8220;lado feminino&#8221; (o meu se chama Sharon), e esse tipo de tolice cultural resultou em muitos homens compreendendo mal o que significa ser um homem piedoso, um marido amoroso, um bom pai e um amigo fiel.<\/p>\n<p>Este livro foi escrito para homens crist\u00e3os que n\u00e3o apenas n\u00e3o querem perder esse precioso entendimento b\u00edblico, como tamb\u00e9m querem viver o chamado para a verdadeira masculinidade que Deus nos deu. Precisamos ser homens piedosos, e a B\u00edblia apresenta um mandato masculino para que possamos seguir e cumprir.<\/p>\n","protected":false},"excerpt":{"rendered":"<p>O mandato masculino O que significa ser homem? H\u00e1 uma enorme confus\u00e3o em nossa cultura sobre essa defini\u00e7\u00e3o &#8211; da&hellip;<\/p>\n","protected":false},"featured_media":346345,"comment_status":"open","ping_status":"closed","template":"","meta":[],"product_cat":[152,134],"product_tag":[],"_links":{"self":[{"href":"https:\/\/www.livrariarema.com.br\/loja\/wp-json\/wp\/v2\/product\/57288"}],"collection":[{"href":"https:\/\/www.livrariarema.com.br\/loja\/wp-json\/wp\/v2\/product"}],"about":[{"href":"https:\/\/www.livrariarema.com.br\/loja\/wp-json\/wp\/v2\/types\/product"}],"replies":[{"embeddable":true,"href":"https:\/\/www.livrariarema.com.br\/loja\/wp-json\/wp\/v2\/comments?post=57288"}],"wp:featuredmedia":[{"embeddable":true,"href":"https:\/\/www.livrariarema.com.br\/loja\/wp-json\/wp\/v2\/media\/346345"}],"wp:attachment":[{"href":"https:\/\/www.livrariarema.com.br\/loja\/wp-json\/wp\/v2\/media?parent=57288"}],"wp:term":[{"taxonomy":"product_cat","embeddable":true,"href":"https:\/\/www.livrariarema.com.br\/loja\/wp-json\/wp\/v2\/product_cat?post=57288"},{"taxonomy":"product_tag","embeddable":true,"href":"https:\/\/www.livrariarema.com.br\/loja\/wp-json\/wp\/v2\/product_tag?post=57288"}],"curies":[{"name":"wp","href":"https:\/\/api.w.org\/{rel}","templated":true}]}}