{"id":57363,"date":"2021-01-22T10:56:50","date_gmt":"2021-01-22T13:56:50","guid":{"rendered":"https:\/\/www.livrariarema.com.br\/loja\/produtos\/sem categoria\/massa-de-modelar-tris-super-soft-pote-150g-laranja\/"},"modified":"2026-01-30T14:43:13","modified_gmt":"2026-01-30T17:43:13","slug":"massa-de-modelar-tris-super-soft-pote-150g-laranja","status":"publish","type":"product","link":"https:\/\/www.livrariarema.com.br\/loja\/produtos\/papelaria\/massa-de-modelar\/massa-de-modelar-tris-super-soft-pote-150g-laranja\/","title":{"rendered":"MASSA DE MODELAR &#8211; TRIS &#8211; SUPER SOFT &#8211; POTE 150G &#8211; LARANJA"},"content":{"rendered":"<p>Massinha de Modelar <br \/>\n&#8211; Ideal para atividades de desenvolvimento da coordena\u00e7\u00e3o motora e percep\u00e7\u00e3o de formas. Tamb\u00e9m \u00e9 \u00f3tima para quem gosta de usar sua criatividade em trabalhos artesanais como esculturas, texturas, etc.<\/p>\n","protected":false},"excerpt":{"rendered":"<p>Massinha de Modelar &#8211; Ideal para atividades de desenvolvimento da coordena\u00e7\u00e3o motora e percep\u00e7\u00e3o de formas. Tamb\u00e9m \u00e9 \u00f3tima para&hellip;<\/p>\n","protected":false},"featured_media":104592,"comment_status":"open","ping_status":"closed","template":"","meta":[],"product_cat":[287,215],"product_tag":[],"_links":{"self":[{"href":"https:\/\/www.livrariarema.com.br\/loja\/wp-json\/wp\/v2\/product\/57363"}],"collection":[{"href":"https:\/\/www.livrariarema.com.br\/loja\/wp-json\/wp\/v2\/product"}],"about":[{"href":"https:\/\/www.livrariarema.com.br\/loja\/wp-json\/wp\/v2\/types\/product"}],"replies":[{"embeddable":true,"href":"https:\/\/www.livrariarema.com.br\/loja\/wp-json\/wp\/v2\/comments?post=57363"}],"wp:featuredmedia":[{"embeddable":true,"href":"https:\/\/www.livrariarema.com.br\/loja\/wp-json\/wp\/v2\/media\/104592"}],"wp:attachment":[{"href":"https:\/\/www.livrariarema.com.br\/loja\/wp-json\/wp\/v2\/media?parent=57363"}],"wp:term":[{"taxonomy":"product_cat","embeddable":true,"href":"https:\/\/www.livrariarema.com.br\/loja\/wp-json\/wp\/v2\/product_cat?post=57363"},{"taxonomy":"product_tag","embeddable":true,"href":"https:\/\/www.livrariarema.com.br\/loja\/wp-json\/wp\/v2\/product_tag?post=57363"}],"curies":[{"name":"wp","href":"https:\/\/api.w.org\/{rel}","templated":true}]}}