{"id":57401,"date":"2021-01-22T10:57:45","date_gmt":"2021-01-22T13:57:45","guid":{"rendered":"https:\/\/www.livrariarema.com.br\/loja\/produtos\/sem%20categoria\/pao-diario-deus-me-ouve-366-meditacoes-para-mulheres-por-mulheres\/"},"modified":"2025-12-09T09:40:48","modified_gmt":"2025-12-09T12:40:48","slug":"pao-diario-deus-me-ouve-366-meditacoes-para-mulheres-por-mulheres","status":"publish","type":"product","link":"https:\/\/www.livrariarema.com.br\/loja\/produtos\/livros\/devocional\/pao-diario-deus-me-ouve-366-meditacoes-para-mulheres-por-mulheres\/","title":{"rendered":"Cole\u00e7\u00e3o Deus E Eu &#8211; Deus Me Ouve &#8211; 366 Medita\u00e7\u00f5es Para Mulheres Por Mulheres"},"content":{"rendered":"<p>O cora\u00e7\u00e3o de Deus \u00e9 por n\u00f3s.<\/p>\n<p>&#8220;Deus ouve de forma que o move a a\u00e7\u00e3o, e Ele quer responder em amor.&#8221; &#8211; do pref\u00e1cio de Elisa Morgan<\/p>\n<p>Deus est\u00e1 com voc\u00ea, Ele \u00e9 por voc\u00ea e ouve os clamores do seu cora\u00e7\u00e3o. Repetidas vezes na B\u00edblia, o Senhor ouviu e respondeu \u00e0s necessidades das mulheres. Esta sele\u00e7\u00e3o de devocionais de P\u00e3o Di\u00e1rio foi escrita por mulheres como voc\u00ea que anseiam sentir a presen\u00e7a de Deus.<\/p>\n","protected":false},"excerpt":{"rendered":"<p>O cora\u00e7\u00e3o de Deus \u00e9 por n\u00f3s. &#8220;Deus ouve de forma que o move a a\u00e7\u00e3o, e Ele quer responder&hellip;<\/p>\n","protected":false},"featured_media":338858,"comment_status":"open","ping_status":"closed","template":"","meta":[],"product_cat":[158,134],"product_tag":[],"_links":{"self":[{"href":"https:\/\/www.livrariarema.com.br\/loja\/wp-json\/wp\/v2\/product\/57401"}],"collection":[{"href":"https:\/\/www.livrariarema.com.br\/loja\/wp-json\/wp\/v2\/product"}],"about":[{"href":"https:\/\/www.livrariarema.com.br\/loja\/wp-json\/wp\/v2\/types\/product"}],"replies":[{"embeddable":true,"href":"https:\/\/www.livrariarema.com.br\/loja\/wp-json\/wp\/v2\/comments?post=57401"}],"wp:featuredmedia":[{"embeddable":true,"href":"https:\/\/www.livrariarema.com.br\/loja\/wp-json\/wp\/v2\/media\/338858"}],"wp:attachment":[{"href":"https:\/\/www.livrariarema.com.br\/loja\/wp-json\/wp\/v2\/media?parent=57401"}],"wp:term":[{"taxonomy":"product_cat","embeddable":true,"href":"https:\/\/www.livrariarema.com.br\/loja\/wp-json\/wp\/v2\/product_cat?post=57401"},{"taxonomy":"product_tag","embeddable":true,"href":"https:\/\/www.livrariarema.com.br\/loja\/wp-json\/wp\/v2\/product_tag?post=57401"}],"curies":[{"name":"wp","href":"https:\/\/api.w.org\/{rel}","templated":true}]}}