{"id":57418,"date":"2021-01-22T10:58:10","date_gmt":"2021-01-22T13:58:10","guid":{"rendered":"https:\/\/www.livrariarema.com.br\/loja\/produtos\/sem%20categoria\/fantastica-historia-de-deus-para-voce-a-pao-diario\/"},"modified":"2026-03-07T10:31:14","modified_gmt":"2026-03-07T13:31:14","slug":"fantastica-historia-de-deus-para-voce-a-pao-diario","status":"publish","type":"product","link":"https:\/\/www.livrariarema.com.br\/loja\/produtos\/livros\/infantil\/fantastica-historia-de-deus-para-voce-a-pao-diario\/","title":{"rendered":"A Fant\u00e1stica Hist\u00f3ria De Deus Para Voc\u00ea"},"content":{"rendered":"<p>A Fant\u00e1stica Hist\u00f3ria de Deus come\u00e7ou h\u00e1 muito tempo, antes de voc\u00ea existir. Deus transbordava de amor e queria muito compartilhar esse amor.<\/p>\n<p>Ent\u00e3o, Deus, do meio da escurid\u00e3o, falou certas palavras e criou muitas coisas maravilhosas &#8211; cachorrinhos latindo, rosas aveludadas, oceanos gigantescos e pessoas sem igual. Mas, quando as pessoas desobedeceram a Deus, elas foram afastadas dele.<\/p>\n<p>Descubra a maravilhosa hist\u00f3ria de resgate planejada por Deus e como voc\u00ea \u00e9 parte dessa hist\u00f3ria tamb\u00e9m!<\/p>\n","protected":false},"excerpt":{"rendered":"<p>A Fant\u00e1stica Hist\u00f3ria de Deus come\u00e7ou h\u00e1 muito tempo, antes de voc\u00ea existir. Deus transbordava de amor e queria muito&hellip;<\/p>\n","protected":false},"featured_media":338862,"comment_status":"open","ping_status":"closed","template":"","meta":[],"product_cat":[144,134],"product_tag":[],"_links":{"self":[{"href":"https:\/\/www.livrariarema.com.br\/loja\/wp-json\/wp\/v2\/product\/57418"}],"collection":[{"href":"https:\/\/www.livrariarema.com.br\/loja\/wp-json\/wp\/v2\/product"}],"about":[{"href":"https:\/\/www.livrariarema.com.br\/loja\/wp-json\/wp\/v2\/types\/product"}],"replies":[{"embeddable":true,"href":"https:\/\/www.livrariarema.com.br\/loja\/wp-json\/wp\/v2\/comments?post=57418"}],"wp:featuredmedia":[{"embeddable":true,"href":"https:\/\/www.livrariarema.com.br\/loja\/wp-json\/wp\/v2\/media\/338862"}],"wp:attachment":[{"href":"https:\/\/www.livrariarema.com.br\/loja\/wp-json\/wp\/v2\/media?parent=57418"}],"wp:term":[{"taxonomy":"product_cat","embeddable":true,"href":"https:\/\/www.livrariarema.com.br\/loja\/wp-json\/wp\/v2\/product_cat?post=57418"},{"taxonomy":"product_tag","embeddable":true,"href":"https:\/\/www.livrariarema.com.br\/loja\/wp-json\/wp\/v2\/product_tag?post=57418"}],"curies":[{"name":"wp","href":"https:\/\/api.w.org\/{rel}","templated":true}]}}