{"id":57428,"date":"2021-01-22T10:58:23","date_gmt":"2021-01-22T13:58:23","guid":{"rendered":"https:\/\/www.livrariarema.com.br\/loja\/produtos\/sem%20categoria\/tudo-para-ele-oswald-chambers-capa-dura\/"},"modified":"2026-04-07T17:51:04","modified_gmt":"2026-04-07T20:51:04","slug":"tudo-para-ele-oswald-chambers-capa-dura","status":"publish","type":"product","link":"https:\/\/www.livrariarema.com.br\/loja\/produtos\/livros\/devocional\/tudo-para-ele-oswald-chambers-capa-dura\/","title":{"rendered":"Tudo Para Ele &#8211; Oswald Chambers &#8211; Capa Dura"},"content":{"rendered":"<p>Tudo para Ele \u00e9 um cl\u00e1ssico da literatura devocional. Um dos best-sellers mais marcantes do nosso tempo. Esse devocional tem impactado a vida de milh\u00f5es de pessoas, conduzindo-as num passeio mais profundo e apaixonado com Deus.<\/p>\n<p>Descubra a sabedoria de Oswald Chambers, um homem que o desafia a entregar-se totalmente a Deus. O conte\u00fado poderoso deste trabalho vision\u00e1rio fala direto ao cora\u00e7\u00e3o, ajudando-o a ouvir o que Deus quer lhe dizer em cada dia do ano. Chambers explora as profundezas de nossa humanidade e tamb\u00e9m a nossa profunda necessidade de uma vida focada em Deus.<\/p>\n<p>Seus ensinamentos, \u00e0 luz da B\u00edblia, n\u00e3o devem ser apenas admirados, mas colocados em pr\u00e1tica. Estas medita\u00e7\u00f5es revelam os verdadeiros tesouros que encontramos na Palavra de Deus.<\/p>\n","protected":false},"excerpt":{"rendered":"<p>Tudo para Ele \u00e9 um cl\u00e1ssico da literatura devocional. Um dos best-sellers mais marcantes do nosso tempo. Esse devocional tem&hellip;<\/p>\n","protected":false},"featured_media":338624,"comment_status":"open","ping_status":"closed","template":"","meta":[],"product_cat":[158,134],"product_tag":[],"_links":{"self":[{"href":"https:\/\/www.livrariarema.com.br\/loja\/wp-json\/wp\/v2\/product\/57428"}],"collection":[{"href":"https:\/\/www.livrariarema.com.br\/loja\/wp-json\/wp\/v2\/product"}],"about":[{"href":"https:\/\/www.livrariarema.com.br\/loja\/wp-json\/wp\/v2\/types\/product"}],"replies":[{"embeddable":true,"href":"https:\/\/www.livrariarema.com.br\/loja\/wp-json\/wp\/v2\/comments?post=57428"}],"wp:featuredmedia":[{"embeddable":true,"href":"https:\/\/www.livrariarema.com.br\/loja\/wp-json\/wp\/v2\/media\/338624"}],"wp:attachment":[{"href":"https:\/\/www.livrariarema.com.br\/loja\/wp-json\/wp\/v2\/media?parent=57428"}],"wp:term":[{"taxonomy":"product_cat","embeddable":true,"href":"https:\/\/www.livrariarema.com.br\/loja\/wp-json\/wp\/v2\/product_cat?post=57428"},{"taxonomy":"product_tag","embeddable":true,"href":"https:\/\/www.livrariarema.com.br\/loja\/wp-json\/wp\/v2\/product_tag?post=57428"}],"curies":[{"name":"wp","href":"https:\/\/api.w.org\/{rel}","templated":true}]}}