{"id":57475,"date":"2021-01-22T10:59:52","date_gmt":"2021-01-22T13:59:52","guid":{"rendered":"https:\/\/www.livrariarema.com.br\/loja\/produtos\/sem%20categoria\/metanoia-21-dias-de-mentoria-jb-carvalho\/"},"modified":"2024-12-27T17:30:12","modified_gmt":"2024-12-27T20:30:12","slug":"metanoia-21-dias-de-mentoria-jb-carvalho","status":"publish","type":"product","link":"https:\/\/www.livrariarema.com.br\/loja\/produtos\/livros\/devocional\/metanoia-21-dias-de-mentoria-jb-carvalho\/","title":{"rendered":"Metan\u00f3ia &#8211; 21 Dias De Mentoria &#8211; Jb Carvalho"},"content":{"rendered":"<p>Neste Livro Metanoia do autor JB Carvalho consiste em passos objetivos para aperfei\u00e7oar sua mente em uma jornada de transforma\u00e7\u00e3o dos seus h\u00e1bitos. Em 21 dias, voc\u00ea pode reprogramar em alguma \u00e1rea que precisa mudar. Para isso, a estrat\u00e9gia \u00e9 desenvolver novos rituais para reivindicar seu modo de existir no mundo. Muitas pessoas n\u00e3o sabem, mas novos h\u00e1bitos podem ser desenvolvidos conscientemente. Seu futuro est\u00e1 escondido em sua rotina di\u00e1ria.<\/p>\n<p>JB Carvalho \u00e9 te\u00f3logo, conferencista, professor universit\u00e1rio, compositor filiado a ABRAMUS, jornalista, escritor de 13 livros e apresentador do programa. Voc\u00ea \u00e9 show, transmitido por diversas emissoras de televis\u00e3o. Pastor titular da Comunidade das Na\u00e7\u00f5es exerce a fun\u00e7\u00e3o de Bispo sobre 25 Campi no Brasil e nos EUA. Dirige e preside a Editora Chara, Academia das Na\u00e7\u00f5es, Atmosfera Lab (co-working) e tamb\u00e9m o Instituto Filhos do Brasil, bra\u00e7o social da CN com diversos programas sociais no pa\u00eds. JB tem sua \u00eanfase na forma\u00e7\u00e3o de l\u00edderes e no desenvolvimento de pessoas.<\/p>\n","protected":false},"excerpt":{"rendered":"<p>Neste Livro Metanoia do autor JB Carvalho consiste em passos objetivos para aperfei\u00e7oar sua mente em uma jornada de transforma\u00e7\u00e3o&hellip;<\/p>\n","protected":false},"featured_media":323367,"comment_status":"open","ping_status":"closed","template":"","meta":[],"product_cat":[158,134],"product_tag":[],"_links":{"self":[{"href":"https:\/\/www.livrariarema.com.br\/loja\/wp-json\/wp\/v2\/product\/57475"}],"collection":[{"href":"https:\/\/www.livrariarema.com.br\/loja\/wp-json\/wp\/v2\/product"}],"about":[{"href":"https:\/\/www.livrariarema.com.br\/loja\/wp-json\/wp\/v2\/types\/product"}],"replies":[{"embeddable":true,"href":"https:\/\/www.livrariarema.com.br\/loja\/wp-json\/wp\/v2\/comments?post=57475"}],"wp:featuredmedia":[{"embeddable":true,"href":"https:\/\/www.livrariarema.com.br\/loja\/wp-json\/wp\/v2\/media\/323367"}],"wp:attachment":[{"href":"https:\/\/www.livrariarema.com.br\/loja\/wp-json\/wp\/v2\/media?parent=57475"}],"wp:term":[{"taxonomy":"product_cat","embeddable":true,"href":"https:\/\/www.livrariarema.com.br\/loja\/wp-json\/wp\/v2\/product_cat?post=57475"},{"taxonomy":"product_tag","embeddable":true,"href":"https:\/\/www.livrariarema.com.br\/loja\/wp-json\/wp\/v2\/product_tag?post=57475"}],"curies":[{"name":"wp","href":"https:\/\/api.w.org\/{rel}","templated":true}]}}