{"id":57524,"date":"2021-01-22T11:01:45","date_gmt":"2021-01-22T14:01:45","guid":{"rendered":"https:\/\/www.livrariarema.com.br\/loja\/produtos\/sem%20categoria\/caneta-uni-ball-eye-ultra-micro-0-38mm\/"},"modified":"2026-02-07T13:00:41","modified_gmt":"2026-02-07T16:00:41","slug":"caneta-uni-ball-eye-ultra-micro-0-38mm","status":"publish","type":"product","link":"https:\/\/www.livrariarema.com.br\/loja\/produtos\/papelaria\/canetas\/caneta-uni-ball-eye-ultra-micro-0-38mm\/","title":{"rendered":"Caneta &#8211; Uni Eye Ultra Micro &#8211; Rollerball &#8211; 0.38Mm &#8211; Azul"},"content":{"rendered":"<p>Caneta esferogr\u00e1fica 0.38 &#8211; Eye Ultra Micro &#8211; Uni-Ball<\/p>\n<p>&#8211; Caneta rollerball com ponta de a\u00e7o tungst\u00eanio que permite uma escrita r\u00e1pida e menor atrito sobre o papel <br \/>\n&#8211; Com visualiza\u00e7\u00e3o do n\u00edvel da tinta<br \/>\n&#8211; Sistema de fluxo cont\u00ednuo<\/p>\n<p>Registro Inmetro: 006 197\/2015<\/p>\n","protected":false},"excerpt":{"rendered":"<p>Caneta esferogr\u00e1fica 0.38 &#8211; Eye Ultra Micro &#8211; Uni-Ball &#8211; Caneta rollerball com ponta de a\u00e7o tungst\u00eanio que permite uma&hellip;<\/p>\n","protected":false},"featured_media":338087,"comment_status":"open","ping_status":"closed","template":"","meta":[],"product_cat":[216,215],"product_tag":[],"_links":{"self":[{"href":"https:\/\/www.livrariarema.com.br\/loja\/wp-json\/wp\/v2\/product\/57524"}],"collection":[{"href":"https:\/\/www.livrariarema.com.br\/loja\/wp-json\/wp\/v2\/product"}],"about":[{"href":"https:\/\/www.livrariarema.com.br\/loja\/wp-json\/wp\/v2\/types\/product"}],"replies":[{"embeddable":true,"href":"https:\/\/www.livrariarema.com.br\/loja\/wp-json\/wp\/v2\/comments?post=57524"}],"wp:featuredmedia":[{"embeddable":true,"href":"https:\/\/www.livrariarema.com.br\/loja\/wp-json\/wp\/v2\/media\/338087"}],"wp:attachment":[{"href":"https:\/\/www.livrariarema.com.br\/loja\/wp-json\/wp\/v2\/media?parent=57524"}],"wp:term":[{"taxonomy":"product_cat","embeddable":true,"href":"https:\/\/www.livrariarema.com.br\/loja\/wp-json\/wp\/v2\/product_cat?post=57524"},{"taxonomy":"product_tag","embeddable":true,"href":"https:\/\/www.livrariarema.com.br\/loja\/wp-json\/wp\/v2\/product_tag?post=57524"}],"curies":[{"name":"wp","href":"https:\/\/api.w.org\/{rel}","templated":true}]}}