{"id":57632,"date":"2021-01-22T11:04:58","date_gmt":"2021-01-22T14:04:58","guid":{"rendered":"https:\/\/www.livrariarema.com.br\/loja\/produtos\/sem%20categoria\/historia-dos-hebreus-obra-completa-edicao-de-luxo-flavio-josefo\/"},"modified":"2026-04-13T11:20:37","modified_gmt":"2026-04-13T14:20:37","slug":"historia-dos-hebreus-obra-completa-edicao-de-luxo-flavio-josefo","status":"publish","type":"product","link":"https:\/\/www.livrariarema.com.br\/loja\/produtos\/livros\/historia\/historia-dos-hebreus-obra-completa-edicao-de-luxo-flavio-josefo\/","title":{"rendered":"Hist\u00f3ria Dos Hebreus &#8211; Obra Completa &#8211; Edi\u00e7\u00e3o De Luxo &#8211;  Fl\u00e1vio Josefo"},"content":{"rendered":"<p>Um cl\u00e1ssico da literatura universal, agora em edi\u00e7\u00e3o de luxo!<Br><br \/>\n<Br><br \/>\nHist\u00f3ria dos Hebreus, de Fl\u00e1vio Josefo, agora com nova capa e acabamento em beira dourada.<Br><br \/>\n<Br><br \/>\nTendo atravessado s\u00e9culos at\u00e9 os nossos dias, a hist\u00f3ria do povo judeu, atrav\u00e9s do registro de Fl\u00e1vio Josefo, permanece como o principal relato extra-b\u00edblico dos acontecimentos contidos nas Escrituras.<Br><br \/>\nEm Hist\u00f3ria dos Hebreus o autor escreve com detalhes os grandes movimentos hist\u00f3ricos judaicos e romanos. Qualquer estudante da B\u00edblia ter\u00e1 em Fl\u00e1vio Josefo descri\u00e7\u00f5es minuciosas de personagens do Novo Testamento (Evangelhos e Atos), tais como: Pilatos, os Agripas, os Herodes e in\u00fameros outros pormenores do mundo greco-romano, tornando esta obra, depois da B\u00edblia, a maior fonte de informa\u00e7\u00e3o sobre o povo Judeu.<Br><\/p>\n","protected":false},"excerpt":{"rendered":"<p>Um cl\u00e1ssico da literatura universal, agora em edi\u00e7\u00e3o de luxo! Hist\u00f3ria dos Hebreus, de Fl\u00e1vio Josefo, agora com nova capa&hellip;<\/p>\n","protected":false},"featured_media":345572,"comment_status":"open","ping_status":"closed","template":"","meta":[],"product_cat":[194,134],"product_tag":[],"_links":{"self":[{"href":"https:\/\/www.livrariarema.com.br\/loja\/wp-json\/wp\/v2\/product\/57632"}],"collection":[{"href":"https:\/\/www.livrariarema.com.br\/loja\/wp-json\/wp\/v2\/product"}],"about":[{"href":"https:\/\/www.livrariarema.com.br\/loja\/wp-json\/wp\/v2\/types\/product"}],"replies":[{"embeddable":true,"href":"https:\/\/www.livrariarema.com.br\/loja\/wp-json\/wp\/v2\/comments?post=57632"}],"wp:featuredmedia":[{"embeddable":true,"href":"https:\/\/www.livrariarema.com.br\/loja\/wp-json\/wp\/v2\/media\/345572"}],"wp:attachment":[{"href":"https:\/\/www.livrariarema.com.br\/loja\/wp-json\/wp\/v2\/media?parent=57632"}],"wp:term":[{"taxonomy":"product_cat","embeddable":true,"href":"https:\/\/www.livrariarema.com.br\/loja\/wp-json\/wp\/v2\/product_cat?post=57632"},{"taxonomy":"product_tag","embeddable":true,"href":"https:\/\/www.livrariarema.com.br\/loja\/wp-json\/wp\/v2\/product_tag?post=57632"}],"curies":[{"name":"wp","href":"https:\/\/api.w.org\/{rel}","templated":true}]}}