{"id":57685,"date":"2021-01-22T11:06:37","date_gmt":"2021-01-22T14:06:37","guid":{"rendered":"https:\/\/www.livrariarema.com.br\/loja\/produtos\/sem%20categoria\/marca-texto-cis-lumini-gel-pastel-azul\/"},"modified":"2026-05-09T12:50:32","modified_gmt":"2026-05-09T15:50:32","slug":"marca-texto-cis-lumini-gel-pastel-azul","status":"publish","type":"product","link":"https:\/\/www.livrariarema.com.br\/loja\/produtos\/papelaria\/marcador-de-texto\/marca-texto-cis-lumini-gel-pastel-azul\/","title":{"rendered":"Marca Texto &#8211; Cis &#8211; Lumini Gel Pastel &#8211; Azul"},"content":{"rendered":"<p>Caneta Marca Texto Cis Lumini Gel Pastel <\/p>\n<p>Os marcadores de texto Cis Lumini Gel s\u00e3o perfeitos para o uso di\u00e1rio! <br \/>\nSua ponta em gel permite secagem instant\u00e2nea, n\u00e3o marcando o verso do papel (ideal para Vade Mecum e B\u00edblia, por exemplo). <br \/>\nSuas cores fluorescentes facilitam o destaque e memoriza\u00e7\u00e3o da informa\u00e7\u00e3o.<\/p>\n<p>&#8211; Corpo Pl\u00e1stico com clip na tampa<br \/>\n&#8211; N\u00e3o marca o verso do papel<br \/>\n&#8211; Secagem instant\u00e2nea<br \/>\n&#8211; Cores Fluorescentes<\/p>\n<p>Registro Inmetro 007 608\/2017<\/p>\n","protected":false},"excerpt":{"rendered":"<p>Caneta Marca Texto Cis Lumini Gel Pastel Os marcadores de texto Cis Lumini Gel s\u00e3o perfeitos para o uso di\u00e1rio!&hellip;<\/p>\n","protected":false},"featured_media":347880,"comment_status":"open","ping_status":"closed","template":"","meta":[],"product_cat":[231,215],"product_tag":[],"_links":{"self":[{"href":"https:\/\/www.livrariarema.com.br\/loja\/wp-json\/wp\/v2\/product\/57685"}],"collection":[{"href":"https:\/\/www.livrariarema.com.br\/loja\/wp-json\/wp\/v2\/product"}],"about":[{"href":"https:\/\/www.livrariarema.com.br\/loja\/wp-json\/wp\/v2\/types\/product"}],"replies":[{"embeddable":true,"href":"https:\/\/www.livrariarema.com.br\/loja\/wp-json\/wp\/v2\/comments?post=57685"}],"wp:featuredmedia":[{"embeddable":true,"href":"https:\/\/www.livrariarema.com.br\/loja\/wp-json\/wp\/v2\/media\/347880"}],"wp:attachment":[{"href":"https:\/\/www.livrariarema.com.br\/loja\/wp-json\/wp\/v2\/media?parent=57685"}],"wp:term":[{"taxonomy":"product_cat","embeddable":true,"href":"https:\/\/www.livrariarema.com.br\/loja\/wp-json\/wp\/v2\/product_cat?post=57685"},{"taxonomy":"product_tag","embeddable":true,"href":"https:\/\/www.livrariarema.com.br\/loja\/wp-json\/wp\/v2\/product_tag?post=57685"}],"curies":[{"name":"wp","href":"https:\/\/api.w.org\/{rel}","templated":true}]}}