{"id":57857,"date":"2021-01-22T11:12:02","date_gmt":"2021-01-22T14:12:02","guid":{"rendered":"https:\/\/www.livrariarema.com.br\/loja\/produtos\/sem%20categoria\/biblia-nvi-semi-luxo-esta-consumado-preta\/"},"modified":"2025-10-07T18:33:40","modified_gmt":"2025-10-07T21:33:40","slug":"biblia-nvi-semi-luxo-esta-consumado-preta","status":"publish","type":"product","link":"https:\/\/www.livrariarema.com.br\/loja\/produtos\/biblias\/nvi\/biblia-nvi-semi-luxo-esta-consumado-preta\/","title":{"rendered":"B\u00edblia &#8211; Nvi &#8211; Semi-Luxo &#8211; Esta Consumado &#8211; Preta"},"content":{"rendered":"<p>Procurando sustentar a distribui\u00e7\u00e3o de B\u00edblias Sagradas e o evangelismo no Brasil, a editora Vida, em colabora\u00e7\u00e3o com a B\u00edblica Brasil, elaborou uma vers\u00e3o para ser usada na evangeliza\u00e7\u00e3o, a B\u00edblia Evangel\u00edstica NVI. Por ter fins evangel\u00edsticos, a b\u00edblia foi feita com precis\u00e3o, beleza, clareza e dignidade. Uma linguagem relevante ao cora\u00e7\u00e3o, mas reverente e comprometida com a ess\u00eancia e a autoridade das Escrituras Sagradas. A Palavra de Deus.<\/p>\n","protected":false},"excerpt":{"rendered":"<p>Procurando sustentar a distribui\u00e7\u00e3o de B\u00edblias Sagradas e o evangelismo no Brasil, a editora Vida, em colabora\u00e7\u00e3o com a B\u00edblica&hellip;<\/p>\n","protected":false},"featured_media":330767,"comment_status":"open","ping_status":"closed","template":"","meta":[],"product_cat":[139,166],"product_tag":[],"_links":{"self":[{"href":"https:\/\/www.livrariarema.com.br\/loja\/wp-json\/wp\/v2\/product\/57857"}],"collection":[{"href":"https:\/\/www.livrariarema.com.br\/loja\/wp-json\/wp\/v2\/product"}],"about":[{"href":"https:\/\/www.livrariarema.com.br\/loja\/wp-json\/wp\/v2\/types\/product"}],"replies":[{"embeddable":true,"href":"https:\/\/www.livrariarema.com.br\/loja\/wp-json\/wp\/v2\/comments?post=57857"}],"wp:featuredmedia":[{"embeddable":true,"href":"https:\/\/www.livrariarema.com.br\/loja\/wp-json\/wp\/v2\/media\/330767"}],"wp:attachment":[{"href":"https:\/\/www.livrariarema.com.br\/loja\/wp-json\/wp\/v2\/media?parent=57857"}],"wp:term":[{"taxonomy":"product_cat","embeddable":true,"href":"https:\/\/www.livrariarema.com.br\/loja\/wp-json\/wp\/v2\/product_cat?post=57857"},{"taxonomy":"product_tag","embeddable":true,"href":"https:\/\/www.livrariarema.com.br\/loja\/wp-json\/wp\/v2\/product_tag?post=57857"}],"curies":[{"name":"wp","href":"https:\/\/api.w.org\/{rel}","templated":true}]}}