{"id":57899,"date":"2021-01-22T11:13:24","date_gmt":"2021-01-22T14:13:24","guid":{"rendered":"https:\/\/www.livrariarema.com.br\/loja\/produtos\/sem%20categoria\/voce-vai-sair-dessa-max-lucado\/"},"modified":"2026-02-24T17:32:21","modified_gmt":"2026-02-24T20:32:21","slug":"voce-vai-sair-dessa-max-lucado","status":"publish","type":"product","link":"https:\/\/www.livrariarema.com.br\/loja\/produtos\/livros\/vida-crista\/voce-vai-sair-dessa-max-lucado\/","title":{"rendered":"Voc\u00ea Vai Sair Dessa &#8211; Max Lucado"},"content":{"rendered":"<p>A gente n\u00e3o pode escolher todas as lutas da vida, mas sempre pode escolher o melhor aliado.Voc\u00ea vai sair dessa. N\u00e3o importa o desafio &#8213; problemas financeiros, trag\u00e9dias na fam\u00edlia, as limita\u00e7\u00f5es da enfermidade, enfim, seja qual for a natureza da sua luta. Por mais que a dor seja insuport\u00e1vel, que o desespero persista e que a batalha pare\u00e7a maior que suas for\u00e7as, pode contar com uma certeza: voc\u00ea n\u00e3o est\u00e1 s\u00f3.Neste livro, Max Lucado mostra que Deus tra\u00e7ou um plano de vit\u00f3ria para seus filhos. Ele nunca prometeu que superar as adversidades seria f\u00e1cil, indolor, mas deixou o Esp\u00edrito Santo para que possamos atravessar os momentos de turbul\u00eancia. N\u00e3o \u00e9 f\u00e1cil manter a f\u00e9 em meio \u00e0 perda, ao sofrimento, mas o poder regenerador de Deus conforta e fortalece. Segure em sua m\u00e3o e caminhe com ele.<\/p>\n","protected":false},"excerpt":{"rendered":"<p>A gente n\u00e3o pode escolher todas as lutas da vida, mas sempre pode escolher o melhor aliado.Voc\u00ea vai sair dessa.&hellip;<\/p>\n","protected":false},"featured_media":345428,"comment_status":"open","ping_status":"closed","template":"","meta":[],"product_cat":[134,137],"product_tag":[],"_links":{"self":[{"href":"https:\/\/www.livrariarema.com.br\/loja\/wp-json\/wp\/v2\/product\/57899"}],"collection":[{"href":"https:\/\/www.livrariarema.com.br\/loja\/wp-json\/wp\/v2\/product"}],"about":[{"href":"https:\/\/www.livrariarema.com.br\/loja\/wp-json\/wp\/v2\/types\/product"}],"replies":[{"embeddable":true,"href":"https:\/\/www.livrariarema.com.br\/loja\/wp-json\/wp\/v2\/comments?post=57899"}],"wp:featuredmedia":[{"embeddable":true,"href":"https:\/\/www.livrariarema.com.br\/loja\/wp-json\/wp\/v2\/media\/345428"}],"wp:attachment":[{"href":"https:\/\/www.livrariarema.com.br\/loja\/wp-json\/wp\/v2\/media?parent=57899"}],"wp:term":[{"taxonomy":"product_cat","embeddable":true,"href":"https:\/\/www.livrariarema.com.br\/loja\/wp-json\/wp\/v2\/product_cat?post=57899"},{"taxonomy":"product_tag","embeddable":true,"href":"https:\/\/www.livrariarema.com.br\/loja\/wp-json\/wp\/v2\/product_tag?post=57899"}],"curies":[{"name":"wp","href":"https:\/\/api.w.org\/{rel}","templated":true}]}}