{"id":57909,"date":"2021-01-22T11:13:44","date_gmt":"2021-01-22T14:13:44","guid":{"rendered":"https:\/\/www.livrariarema.com.br\/loja\/produtos\/sem%20categoria\/caminho-da-felicidade-o-max-lucado\/"},"modified":"2026-02-24T17:32:26","modified_gmt":"2026-02-24T20:32:26","slug":"caminho-da-felicidade-o-max-lucado","status":"publish","type":"product","link":"https:\/\/www.livrariarema.com.br\/loja\/produtos\/livros\/motivacao\/caminho-da-felicidade-o-max-lucado\/","title":{"rendered":"Caminho Da Felicidade, O &#8211; Max Lucado"},"content":{"rendered":"<p>J\u00e1 aconteceu com voc\u00ea de sentir uma alegria t\u00e3o grande que o cora\u00e7\u00e3o parecia transbordar de felicidade? E aquela vontade de sair contando pra todo mundo o porqu\u00ea de estar t\u00e3o feliz? Para muitos de n\u00f3s a resposta \u00e9: &#8220;Bem, faz um tempinho que n\u00e3o me sinto assim. Eu costumava ser uma pessoa alegre, mas a vida tem os seus percal\u00e7os&#8221;.<\/p>\n<p>A felicidade \u00e9 o objetivo de muitos: ficamos felizes quando perdemos peso, quando encontramos o nosso amor, quando conseguimos um novo emprego&#8230; E n\u00e3o s\u00e3o poucos os an\u00fancios que tentam nos vender felicidade: Coma neste restaurante! Dirija este carro! Vista-se com esta roupa! Ela est\u00e1 presente em muitas ocasi\u00f5es, mas, em meio a tantas promessas, o que experimentamos \u00e9 uma alegria fr\u00e1gil, que \u00e9 levada com os ventos da decep\u00e7\u00e3o ou das expectativas frustradas.<\/p>\n<p>Para Max Lucado, a verdadeira felicidade n\u00e3o requer cart\u00e3o de cr\u00e9dito, financiamento mensal ou torrar uma fortuna, pois ela n\u00e3o est\u00e1 baseada nos prazeres deste mundo. O caminho da felicidade apresenta uma maneira surpreendente, mas pr\u00e1tica de viver que lhe transformar\u00e1 de dentro para fora. Um caminho inesperado para uma alegria duradoura que permanece em qualquer \u00e9poca da vida.<\/p>\n","protected":false},"excerpt":{"rendered":"<p>J\u00e1 aconteceu com voc\u00ea de sentir uma alegria t\u00e3o grande que o cora\u00e7\u00e3o parecia transbordar de felicidade? E aquela vontade&hellip;<\/p>\n","protected":false},"featured_media":345429,"comment_status":"open","ping_status":"closed","template":"","meta":[],"product_cat":[134,211],"product_tag":[],"_links":{"self":[{"href":"https:\/\/www.livrariarema.com.br\/loja\/wp-json\/wp\/v2\/product\/57909"}],"collection":[{"href":"https:\/\/www.livrariarema.com.br\/loja\/wp-json\/wp\/v2\/product"}],"about":[{"href":"https:\/\/www.livrariarema.com.br\/loja\/wp-json\/wp\/v2\/types\/product"}],"replies":[{"embeddable":true,"href":"https:\/\/www.livrariarema.com.br\/loja\/wp-json\/wp\/v2\/comments?post=57909"}],"wp:featuredmedia":[{"embeddable":true,"href":"https:\/\/www.livrariarema.com.br\/loja\/wp-json\/wp\/v2\/media\/345429"}],"wp:attachment":[{"href":"https:\/\/www.livrariarema.com.br\/loja\/wp-json\/wp\/v2\/media?parent=57909"}],"wp:term":[{"taxonomy":"product_cat","embeddable":true,"href":"https:\/\/www.livrariarema.com.br\/loja\/wp-json\/wp\/v2\/product_cat?post=57909"},{"taxonomy":"product_tag","embeddable":true,"href":"https:\/\/www.livrariarema.com.br\/loja\/wp-json\/wp\/v2\/product_tag?post=57909"}],"curies":[{"name":"wp","href":"https:\/\/api.w.org\/{rel}","templated":true}]}}