{"id":57924,"date":"2021-01-22T11:14:17","date_gmt":"2021-01-22T14:14:17","guid":{"rendered":"https:\/\/www.livrariarema.com.br\/loja\/produtos\/sem%20categoria\/devocionais-das-maravilhas-livro-2-e-3-apec\/"},"modified":"2023-03-16T21:28:43","modified_gmt":"2023-03-17T00:28:43","slug":"devocionais-das-maravilhas-livro-2-e-3-apec","status":"publish","type":"product","link":"https:\/\/www.livrariarema.com.br\/loja\/produtos\/livros\/infantil\/devocionais-das-maravilhas-livro-2-e-3-apec\/","title":{"rendered":"Devocionais Das Maravilhas &#8211; Livro 3 &#8211; Fortalecido Pelo Esp\u00edrito De Deus"},"content":{"rendered":"<p>Livro com dois meses de devocionais di\u00e1rios. (S\u00e3o 6 volumes por ano). Destinado \u00e0 crian\u00e7as alfabetizadas. As crian\u00e7as menores poder\u00e3o fazer o devocional com o acompanhamento de um adulto. Pode ser utilizado tamb\u00e9m para DISCIPULADO INFANTIL.<\/p>\n<p>DEVOCIONAL n\u00ba 3 da S\u00e9rie &#8220;60 Dias com Devocionais das Maravilhas&#8221;.<br \/>\nNeste volume as crian\u00e7as aprender\u00e3o sobre quem \u00e9 o Espirito Santo. Ao ler os textos, elas encontrar\u00e3o respostas atrav\u00e9s de temas como:<br \/>\n&#8211; O que o Esp\u00edrito Santo Faz?<br \/>\n&#8211; Como confessar meus pecados?<br \/>\n&#8211; O que \u00e9 o Fruto do Esp\u00edrito?<br \/>\n&#8211; O que s\u00e3o dons espirituais?<br \/>\n&#8211; Os anjos s\u00e3o reais?<br \/>\n&#8211; Quem \u00e9 satan\u00e1s?<br \/>\n&#8211; O que \u00e9 a Armadura de Deus?<br \/>\n&#8211; Personagens b\u00edblicos que foram tentados<\/p>\n<p>Este livro cont\u00e9m, tamb\u00e9m:<br \/>\n&#8211; Um espa\u00e7o para anotar os pensamentos de cada dia<br \/>\n&#8211; Sugest\u00e3o de assuntos pelos quais orar<br \/>\n&#8211; P\u00e1ginas de atividades<\/p>\n","protected":false},"excerpt":{"rendered":"<p>Livro com dois meses de devocionais di\u00e1rios. (S\u00e3o 6 volumes por ano). Destinado \u00e0 crian\u00e7as alfabetizadas. As crian\u00e7as menores poder\u00e3o&hellip;<\/p>\n","protected":false},"featured_media":222878,"comment_status":"open","ping_status":"closed","template":"","meta":[],"product_cat":[144,134],"product_tag":[],"_links":{"self":[{"href":"https:\/\/www.livrariarema.com.br\/loja\/wp-json\/wp\/v2\/product\/57924"}],"collection":[{"href":"https:\/\/www.livrariarema.com.br\/loja\/wp-json\/wp\/v2\/product"}],"about":[{"href":"https:\/\/www.livrariarema.com.br\/loja\/wp-json\/wp\/v2\/types\/product"}],"replies":[{"embeddable":true,"href":"https:\/\/www.livrariarema.com.br\/loja\/wp-json\/wp\/v2\/comments?post=57924"}],"wp:featuredmedia":[{"embeddable":true,"href":"https:\/\/www.livrariarema.com.br\/loja\/wp-json\/wp\/v2\/media\/222878"}],"wp:attachment":[{"href":"https:\/\/www.livrariarema.com.br\/loja\/wp-json\/wp\/v2\/media?parent=57924"}],"wp:term":[{"taxonomy":"product_cat","embeddable":true,"href":"https:\/\/www.livrariarema.com.br\/loja\/wp-json\/wp\/v2\/product_cat?post=57924"},{"taxonomy":"product_tag","embeddable":true,"href":"https:\/\/www.livrariarema.com.br\/loja\/wp-json\/wp\/v2\/product_tag?post=57924"}],"curies":[{"name":"wp","href":"https:\/\/api.w.org\/{rel}","templated":true}]}}