{"id":58033,"date":"2021-01-22T11:17:35","date_gmt":"2021-01-22T14:17:35","guid":{"rendered":"https:\/\/www.livrariarema.com.br\/loja\/produtos\/sem%20categoria\/maes-intercessoras-hernandes-dias-lopes\/"},"modified":"2026-03-13T16:51:45","modified_gmt":"2026-03-13T19:51:45","slug":"maes-intercessoras-hernandes-dias-lopes","status":"publish","type":"product","link":"https:\/\/www.livrariarema.com.br\/loja\/produtos\/livros\/mulher\/maes-intercessoras-hernandes-dias-lopes\/","title":{"rendered":"M\u00e3es Intercessoras &#8211; Hernandes Dias Lopes"},"content":{"rendered":"<p>A maior influ\u00eancia que uma m\u00e3e pode exercer na vida dos seus filhos \u00e9 por meio da intercess\u00e3o. O maior investimento que uma m\u00e3e pode fazer na vida dos filhos \u00e9 orar por eles.<\/p>\n<p>Em M\u00e3es intercessoras, o reverendo Hernandes Dias Lopes destaca a import\u00e2ncia da mulher que exerce um minist\u00e9rio constante de intercess\u00e3o, principalmente por seus filhos.<\/p>\n<p>Traz mensagens simples e exemplos da hist\u00f3ria recente sobre a interven\u00e7\u00e3o de Deus em vidas e situa\u00e7\u00f5es que encorajam \u00e0s m\u00e3es a orar com dedica\u00e7\u00e3o por sua fam\u00edlia e igrejas.<\/p>\n<p>&#8220;O maior bem que voc\u00ea pode fazer \u00e0 sua fam\u00edlia \u00e9 ser uma ardorosa intercessora. A melhor maneira de voc\u00ea investir o seu tempo \u00e9 interceder pelos seus filhos. A melhor maneira de voc\u00ea derramar as suas l\u00e1grimas \u00e9 na presen\u00e7a do Senhor em favor dos seus filhos.&#8221; &#8211; Hernandes Dias Lopes<\/p>\n","protected":false},"excerpt":{"rendered":"<p>A maior influ\u00eancia que uma m\u00e3e pode exercer na vida dos seus filhos \u00e9 por meio da intercess\u00e3o. O maior&hellip;<\/p>\n","protected":false},"featured_media":346088,"comment_status":"open","ping_status":"closed","template":"","meta":[],"product_cat":[134,170],"product_tag":[],"_links":{"self":[{"href":"https:\/\/www.livrariarema.com.br\/loja\/wp-json\/wp\/v2\/product\/58033"}],"collection":[{"href":"https:\/\/www.livrariarema.com.br\/loja\/wp-json\/wp\/v2\/product"}],"about":[{"href":"https:\/\/www.livrariarema.com.br\/loja\/wp-json\/wp\/v2\/types\/product"}],"replies":[{"embeddable":true,"href":"https:\/\/www.livrariarema.com.br\/loja\/wp-json\/wp\/v2\/comments?post=58033"}],"wp:featuredmedia":[{"embeddable":true,"href":"https:\/\/www.livrariarema.com.br\/loja\/wp-json\/wp\/v2\/media\/346088"}],"wp:attachment":[{"href":"https:\/\/www.livrariarema.com.br\/loja\/wp-json\/wp\/v2\/media?parent=58033"}],"wp:term":[{"taxonomy":"product_cat","embeddable":true,"href":"https:\/\/www.livrariarema.com.br\/loja\/wp-json\/wp\/v2\/product_cat?post=58033"},{"taxonomy":"product_tag","embeddable":true,"href":"https:\/\/www.livrariarema.com.br\/loja\/wp-json\/wp\/v2\/product_tag?post=58033"}],"curies":[{"name":"wp","href":"https:\/\/api.w.org\/{rel}","templated":true}]}}