{"id":58082,"date":"2021-01-22T11:19:16","date_gmt":"2021-01-22T14:19:16","guid":{"rendered":"https:\/\/www.livrariarema.com.br\/loja\/produtos\/sem%20categoria\/salmos-n-t-wright\/"},"modified":"2024-11-06T09:48:27","modified_gmt":"2024-11-06T12:48:27","slug":"salmos-n-t-wright","status":"publish","type":"product","link":"https:\/\/www.livrariarema.com.br\/loja\/produtos\/livros\/teologia\/salmos-n-t-wright\/","title":{"rendered":"Salmos &#8211; N. T. Wright"},"content":{"rendered":"<p>CANTE, ORE, VIVA.ENCONTRE DEUS NOS SALMOS.<\/p>\n<p>De todos os livros da B\u00edblia, certamente Salmos \u00e9 um dos mais queridos e lembrados. Isso n\u00e3o significa, por\u00e9m, que seja apreciado como deveria. Embora alguns de seus poemas sejam amados e declamados por muitos, v\u00e1rios outros permanecem esquecidos, tanto pelos crist\u00e3os quanto pela Igreja em si. Neste livro, N.T. Wright faz um alerta quanto a isso: Salmos j\u00e1 foi o cora\u00e7\u00e3o da adora\u00e7\u00e3o crist\u00e3 e continua sendo fundamental para um bom relacionamento com Deus. Mais do que orar e cantar, \u00e9 preciso viver os salmos em sua plenitude e entender o que eles nos contam sobre os planos de Deus para a terra e seu povo.<\/p>\n<p>Salmos fornece, ao mesmo tempo, um est\u00edmulo e uma maneira para introduzirmos a leitura di\u00e1ria do salt\u00e9rio em nossas rotinas, explicando a import\u00e2ncia hist\u00f3rica e espiritual desses poemas. S\u00f3 assim podemos compreender e adorar o poder do hin\u00e1rio original da Igreja, que alentou e emocionou milhares de crist\u00e3os e judeus ao longo dos s\u00e9culos &#8211; al\u00e9m de, claro, o pr\u00f3prio Jesus e seus seguidores.<\/p>\n","protected":false},"excerpt":{"rendered":"<p>CANTE, ORE, VIVA.ENCONTRE DEUS NOS SALMOS. De todos os livros da B\u00edblia, certamente Salmos \u00e9 um dos mais queridos e&hellip;<\/p>\n","protected":false},"featured_media":322354,"comment_status":"open","ping_status":"closed","template":"","meta":[],"product_cat":[134,136],"product_tag":[],"_links":{"self":[{"href":"https:\/\/www.livrariarema.com.br\/loja\/wp-json\/wp\/v2\/product\/58082"}],"collection":[{"href":"https:\/\/www.livrariarema.com.br\/loja\/wp-json\/wp\/v2\/product"}],"about":[{"href":"https:\/\/www.livrariarema.com.br\/loja\/wp-json\/wp\/v2\/types\/product"}],"replies":[{"embeddable":true,"href":"https:\/\/www.livrariarema.com.br\/loja\/wp-json\/wp\/v2\/comments?post=58082"}],"wp:featuredmedia":[{"embeddable":true,"href":"https:\/\/www.livrariarema.com.br\/loja\/wp-json\/wp\/v2\/media\/322354"}],"wp:attachment":[{"href":"https:\/\/www.livrariarema.com.br\/loja\/wp-json\/wp\/v2\/media?parent=58082"}],"wp:term":[{"taxonomy":"product_cat","embeddable":true,"href":"https:\/\/www.livrariarema.com.br\/loja\/wp-json\/wp\/v2\/product_cat?post=58082"},{"taxonomy":"product_tag","embeddable":true,"href":"https:\/\/www.livrariarema.com.br\/loja\/wp-json\/wp\/v2\/product_tag?post=58082"}],"curies":[{"name":"wp","href":"https:\/\/api.w.org\/{rel}","templated":true}]}}