{"id":58106,"date":"2021-01-22T11:20:04","date_gmt":"2021-01-22T14:20:04","guid":{"rendered":"https:\/\/www.livrariarema.com.br\/loja\/produtos\/sem%20categoria\/lendo-efesios-com-john-stott-john-stott\/"},"modified":"2026-02-04T13:41:30","modified_gmt":"2026-02-04T16:41:30","slug":"lendo-efesios-com-john-stott-john-stott","status":"publish","type":"product","link":"https:\/\/www.livrariarema.com.br\/loja\/produtos\/livros\/estudo-biblico\/lendo-efesios-com-john-stott-john-stott\/","title":{"rendered":"Lendo Ef\u00e9sios Com John Stott &#8211; John Stott"},"content":{"rendered":"<p>Ao ler ef\u00e9sios, somos desafiados a uma vida coerente &#8211; f\u00e9 e vida crist\u00e3. Percebemos o que deus fez e faz hoje, bem como a mensagem da igreja como nova cria\u00e7\u00e3o e &#8220;nova sociedade&#8221; de deus. Assim, para o conhecido te\u00f3logo e escritor ingl\u00eas, \u00e9 preciso fazer perguntas: qual \u00e9 a natureza da igreja, sem a qual ela perderia sua ess\u00eancia? que tipo de igreja est\u00e1 surgindo e crescendo nos nossos dias?<\/p>\n","protected":false},"excerpt":{"rendered":"<p>Ao ler ef\u00e9sios, somos desafiados a uma vida coerente &#8211; f\u00e9 e vida crist\u00e3. Percebemos o que deus fez e&hellip;<\/p>\n","protected":false},"featured_media":338730,"comment_status":"open","ping_status":"closed","template":"","meta":[],"product_cat":[161,134],"product_tag":[],"_links":{"self":[{"href":"https:\/\/www.livrariarema.com.br\/loja\/wp-json\/wp\/v2\/product\/58106"}],"collection":[{"href":"https:\/\/www.livrariarema.com.br\/loja\/wp-json\/wp\/v2\/product"}],"about":[{"href":"https:\/\/www.livrariarema.com.br\/loja\/wp-json\/wp\/v2\/types\/product"}],"replies":[{"embeddable":true,"href":"https:\/\/www.livrariarema.com.br\/loja\/wp-json\/wp\/v2\/comments?post=58106"}],"wp:featuredmedia":[{"embeddable":true,"href":"https:\/\/www.livrariarema.com.br\/loja\/wp-json\/wp\/v2\/media\/338730"}],"wp:attachment":[{"href":"https:\/\/www.livrariarema.com.br\/loja\/wp-json\/wp\/v2\/media?parent=58106"}],"wp:term":[{"taxonomy":"product_cat","embeddable":true,"href":"https:\/\/www.livrariarema.com.br\/loja\/wp-json\/wp\/v2\/product_cat?post=58106"},{"taxonomy":"product_tag","embeddable":true,"href":"https:\/\/www.livrariarema.com.br\/loja\/wp-json\/wp\/v2\/product_tag?post=58106"}],"curies":[{"name":"wp","href":"https:\/\/api.w.org\/{rel}","templated":true}]}}