{"id":58112,"date":"2021-01-22T11:20:16","date_gmt":"2021-01-22T14:20:16","guid":{"rendered":"https:\/\/www.livrariarema.com.br\/loja\/produtos\/sem%20categoria\/ensinamentos-da-tora\/"},"modified":"2026-04-24T10:36:16","modified_gmt":"2026-04-24T13:36:16","slug":"ensinamentos-da-tora","status":"publish","type":"product","link":"https:\/\/www.livrariarema.com.br\/loja\/produtos\/livros\/teologia\/ensinamentos-da-tora\/","title":{"rendered":"Ensinamentos Da Tor\u00e1"},"content":{"rendered":"<p>Estude os cinco primeiros livros da B\u00edblia pelos olhos de um disc\u00edpulo do primeiro s\u00e9culo, explorando o texto do ponto de vista daqueles que tamb\u00e9m se debru\u00e7aram sobre a Palavra de Deus. Neste livro, que re\u00fane o Pentateuco em uma edi\u00e7\u00e3o especial de luxo com acabamento em couro sint\u00e9tico e fecho em tira, voc\u00ea ser\u00e1 convidado a partilhar das quest\u00f5es, hist\u00f3rias e interpreta\u00e7\u00f5es &#8213; antigas e modernas &#8213; que provam que a B\u00edblia \u00e9 um livro vivo. Explore a cultura do s\u00e9culo 21 \u00e0 luz do mundo do primeiro s\u00e9culo de Jesus. Aprofunde-se nesses livros fundamentais da B\u00edblia com a ajuda desta ferramenta de estudo que cont\u00e9m p\u00e1ginas com fotos, ilustra\u00e7\u00f5es coloridas, mapas, gr\u00e1ficos, introdu\u00e7\u00f5es, tradu\u00e7\u00f5es de palavras hebraicas e coment\u00e1rios.<\/p>\n","protected":false},"excerpt":{"rendered":"<p>Estude os cinco primeiros livros da B\u00edblia pelos olhos de um disc\u00edpulo do primeiro s\u00e9culo, explorando o texto do ponto&hellip;<\/p>\n","protected":false},"featured_media":347123,"comment_status":"open","ping_status":"closed","template":"","meta":[],"product_cat":[134,136],"product_tag":[],"_links":{"self":[{"href":"https:\/\/www.livrariarema.com.br\/loja\/wp-json\/wp\/v2\/product\/58112"}],"collection":[{"href":"https:\/\/www.livrariarema.com.br\/loja\/wp-json\/wp\/v2\/product"}],"about":[{"href":"https:\/\/www.livrariarema.com.br\/loja\/wp-json\/wp\/v2\/types\/product"}],"replies":[{"embeddable":true,"href":"https:\/\/www.livrariarema.com.br\/loja\/wp-json\/wp\/v2\/comments?post=58112"}],"wp:featuredmedia":[{"embeddable":true,"href":"https:\/\/www.livrariarema.com.br\/loja\/wp-json\/wp\/v2\/media\/347123"}],"wp:attachment":[{"href":"https:\/\/www.livrariarema.com.br\/loja\/wp-json\/wp\/v2\/media?parent=58112"}],"wp:term":[{"taxonomy":"product_cat","embeddable":true,"href":"https:\/\/www.livrariarema.com.br\/loja\/wp-json\/wp\/v2\/product_cat?post=58112"},{"taxonomy":"product_tag","embeddable":true,"href":"https:\/\/www.livrariarema.com.br\/loja\/wp-json\/wp\/v2\/product_tag?post=58112"}],"curies":[{"name":"wp","href":"https:\/\/api.w.org\/{rel}","templated":true}]}}