{"id":58120,"date":"2021-01-22T11:20:32","date_gmt":"2021-01-22T14:20:32","guid":{"rendered":"https:\/\/www.livrariarema.com.br\/loja\/produtos\/sem%20categoria\/comentario-de-lucas-james-r-edwards\/"},"modified":"2026-02-20T13:35:01","modified_gmt":"2026-02-20T16:35:01","slug":"comentario-de-lucas-james-r-edwards","status":"publish","type":"product","link":"https:\/\/www.livrariarema.com.br\/loja\/produtos\/livros\/comentario-biblico\/comentario-de-lucas-james-r-edwards\/","title":{"rendered":"Coment\u00e1rio De Lucas &#8211; James R. Edwards"},"content":{"rendered":"<p>Este livro faz parte da S\u00e9rie Pilar Coment\u00e1rio do Novo Testamento.<\/p>\n<p>Este coment\u00e1rio, acima de tudo, explora com cuidado o testemunho de Lucas sobre Jesus, nunca perdendo de vista o fato de que o que podemos inferir racionalmente sobre o pr\u00f3prio Lucas, ou seus leitores, \u00e9 que o primeiro objetivo de Lucas \u00e9 falar sobre Jesus.<\/p>\n<p>Vez ap\u00f3s outra o dr. Edwards exp\u00f5e uma exegese firme que ajuda os leitores a aprenderem o texto da Escritura, produzindo ao mesmo tempo um conhecimento aprofundado e uma rever\u00eancia agradecida.<\/p>\n","protected":false},"excerpt":{"rendered":"<p>Este livro faz parte da S\u00e9rie Pilar Coment\u00e1rio do Novo Testamento. Este coment\u00e1rio, acima de tudo, explora com cuidado o&hellip;<\/p>\n","protected":false},"featured_media":345083,"comment_status":"open","ping_status":"closed","template":"","meta":[],"product_cat":[164,134],"product_tag":[],"_links":{"self":[{"href":"https:\/\/www.livrariarema.com.br\/loja\/wp-json\/wp\/v2\/product\/58120"}],"collection":[{"href":"https:\/\/www.livrariarema.com.br\/loja\/wp-json\/wp\/v2\/product"}],"about":[{"href":"https:\/\/www.livrariarema.com.br\/loja\/wp-json\/wp\/v2\/types\/product"}],"replies":[{"embeddable":true,"href":"https:\/\/www.livrariarema.com.br\/loja\/wp-json\/wp\/v2\/comments?post=58120"}],"wp:featuredmedia":[{"embeddable":true,"href":"https:\/\/www.livrariarema.com.br\/loja\/wp-json\/wp\/v2\/media\/345083"}],"wp:attachment":[{"href":"https:\/\/www.livrariarema.com.br\/loja\/wp-json\/wp\/v2\/media?parent=58120"}],"wp:term":[{"taxonomy":"product_cat","embeddable":true,"href":"https:\/\/www.livrariarema.com.br\/loja\/wp-json\/wp\/v2\/product_cat?post=58120"},{"taxonomy":"product_tag","embeddable":true,"href":"https:\/\/www.livrariarema.com.br\/loja\/wp-json\/wp\/v2\/product_tag?post=58120"}],"curies":[{"name":"wp","href":"https:\/\/api.w.org\/{rel}","templated":true}]}}