{"id":58159,"date":"2021-01-22T11:21:54","date_gmt":"2021-01-22T14:21:54","guid":{"rendered":"https:\/\/www.livrariarema.com.br\/loja\/produtos\/sem%20categoria\/na85-biblia-preta\/"},"modified":"2025-06-04T12:10:44","modified_gmt":"2025-06-04T15:10:44","slug":"na85-biblia-preta","status":"publish","type":"product","link":"https:\/\/www.livrariarema.com.br\/loja\/produtos\/biblias\/nova-almeida-atualizada\/na85-biblia-preta\/","title":{"rendered":"Na85 &#8211; B\u00edblia &#8211; Slim &#8211; Letra Grande &#8211; Preta"},"content":{"rendered":"<p>Excelente op\u00e7\u00e3o para o dia a dia, esta edi\u00e7\u00e3o da B\u00edblia Sagrada \u00e9 ultra fina e possui letras grandes com texto b\u00edblico na tradu\u00e7\u00e3o Nova Almeida Atualizada.<\/p>\n","protected":false},"excerpt":{"rendered":"<p>Excelente op\u00e7\u00e3o para o dia a dia, esta edi\u00e7\u00e3o da B\u00edblia Sagrada \u00e9 ultra fina e possui letras grandes com&hellip;<\/p>\n","protected":false},"featured_media":316056,"comment_status":"open","ping_status":"closed","template":"","meta":[],"product_cat":[139,174],"product_tag":[],"_links":{"self":[{"href":"https:\/\/www.livrariarema.com.br\/loja\/wp-json\/wp\/v2\/product\/58159"}],"collection":[{"href":"https:\/\/www.livrariarema.com.br\/loja\/wp-json\/wp\/v2\/product"}],"about":[{"href":"https:\/\/www.livrariarema.com.br\/loja\/wp-json\/wp\/v2\/types\/product"}],"replies":[{"embeddable":true,"href":"https:\/\/www.livrariarema.com.br\/loja\/wp-json\/wp\/v2\/comments?post=58159"}],"wp:featuredmedia":[{"embeddable":true,"href":"https:\/\/www.livrariarema.com.br\/loja\/wp-json\/wp\/v2\/media\/316056"}],"wp:attachment":[{"href":"https:\/\/www.livrariarema.com.br\/loja\/wp-json\/wp\/v2\/media?parent=58159"}],"wp:term":[{"taxonomy":"product_cat","embeddable":true,"href":"https:\/\/www.livrariarema.com.br\/loja\/wp-json\/wp\/v2\/product_cat?post=58159"},{"taxonomy":"product_tag","embeddable":true,"href":"https:\/\/www.livrariarema.com.br\/loja\/wp-json\/wp\/v2\/product_tag?post=58159"}],"curies":[{"name":"wp","href":"https:\/\/api.w.org\/{rel}","templated":true}]}}