{"id":58235,"date":"2021-01-22T11:24:04","date_gmt":"2021-01-22T14:24:04","guid":{"rendered":"https:\/\/www.livrariarema.com.br\/loja\/produtos\/sem%20categoria\/biblia-da-garotada-a\/"},"modified":"2026-02-11T14:19:20","modified_gmt":"2026-02-11T17:19:20","slug":"biblia-da-garotada-a","status":"publish","type":"product","link":"https:\/\/www.livrariarema.com.br\/loja\/produtos\/livros\/infantil-biblia\/biblia-da-garotada-a\/","title":{"rendered":"B\u00edblia Da Garotada, A"},"content":{"rendered":"<p>&#8211; Torna a leitura um momento de aconchego e amor entre pais e filhos.<br \/>\n&#8211; Textos curtos e simples.<br \/>\n&#8211; Estimula, desde cedo, o entendimento das palavras de Deus, a f\u00e9, as boas atitudes e a gratid\u00e3o.<br \/>\n&#8211; Uma ferramenta relevante para os Educadores crist\u00e3os.<\/p>\n<p>Esta obra, lindamente ilustrada, traz uma sele\u00e7\u00e3o de envolventes hist\u00f3rias da B\u00edblia. Da cria\u00e7\u00e3o do mundo at\u00e9 a bonita e cativante hist\u00f3ria de Jesus e seus ensinamentos eternos.<\/p>\n","protected":false},"excerpt":{"rendered":"<p>&#8211; Torna a leitura um momento de aconchego e amor entre pais e filhos. &#8211; Textos curtos e simples. &#8211;&hellip;<\/p>\n","protected":false},"featured_media":344402,"comment_status":"open","ping_status":"closed","template":"","meta":[],"product_cat":[165,134],"product_tag":[],"_links":{"self":[{"href":"https:\/\/www.livrariarema.com.br\/loja\/wp-json\/wp\/v2\/product\/58235"}],"collection":[{"href":"https:\/\/www.livrariarema.com.br\/loja\/wp-json\/wp\/v2\/product"}],"about":[{"href":"https:\/\/www.livrariarema.com.br\/loja\/wp-json\/wp\/v2\/types\/product"}],"replies":[{"embeddable":true,"href":"https:\/\/www.livrariarema.com.br\/loja\/wp-json\/wp\/v2\/comments?post=58235"}],"wp:featuredmedia":[{"embeddable":true,"href":"https:\/\/www.livrariarema.com.br\/loja\/wp-json\/wp\/v2\/media\/344402"}],"wp:attachment":[{"href":"https:\/\/www.livrariarema.com.br\/loja\/wp-json\/wp\/v2\/media?parent=58235"}],"wp:term":[{"taxonomy":"product_cat","embeddable":true,"href":"https:\/\/www.livrariarema.com.br\/loja\/wp-json\/wp\/v2\/product_cat?post=58235"},{"taxonomy":"product_tag","embeddable":true,"href":"https:\/\/www.livrariarema.com.br\/loja\/wp-json\/wp\/v2\/product_tag?post=58235"}],"curies":[{"name":"wp","href":"https:\/\/api.w.org\/{rel}","templated":true}]}}