{"id":58289,"date":"2021-01-22T11:25:51","date_gmt":"2021-01-22T14:25:51","guid":{"rendered":"https:\/\/www.livrariarema.com.br\/loja\/produtos\/sem%20categoria\/livro-de-banho-as-criacoes-de-deus-numeros\/"},"modified":"2022-11-23T12:06:51","modified_gmt":"2022-11-23T15:06:51","slug":"livro-de-banho-as-criacoes-de-deus-numeros","status":"publish","type":"product","link":"https:\/\/www.livrariarema.com.br\/loja\/produtos\/livros\/infantil\/livro-de-banho-as-criacoes-de-deus-numeros\/","title":{"rendered":"Livro De Banho &#8211; As Cria\u00e7\u00f5es De Deus &#8211; N\u00fameros"},"content":{"rendered":"<p>Descubra o mundo maravilhoso que Deus criou para n\u00f3s vivermos.<\/p>\n","protected":false},"excerpt":{"rendered":"<p>Descubra o mundo maravilhoso que Deus criou para n\u00f3s vivermos.<\/p>\n","protected":false},"featured_media":198555,"comment_status":"open","ping_status":"closed","template":"","meta":[],"product_cat":[144,134],"product_tag":[],"_links":{"self":[{"href":"https:\/\/www.livrariarema.com.br\/loja\/wp-json\/wp\/v2\/product\/58289"}],"collection":[{"href":"https:\/\/www.livrariarema.com.br\/loja\/wp-json\/wp\/v2\/product"}],"about":[{"href":"https:\/\/www.livrariarema.com.br\/loja\/wp-json\/wp\/v2\/types\/product"}],"replies":[{"embeddable":true,"href":"https:\/\/www.livrariarema.com.br\/loja\/wp-json\/wp\/v2\/comments?post=58289"}],"wp:featuredmedia":[{"embeddable":true,"href":"https:\/\/www.livrariarema.com.br\/loja\/wp-json\/wp\/v2\/media\/198555"}],"wp:attachment":[{"href":"https:\/\/www.livrariarema.com.br\/loja\/wp-json\/wp\/v2\/media?parent=58289"}],"wp:term":[{"taxonomy":"product_cat","embeddable":true,"href":"https:\/\/www.livrariarema.com.br\/loja\/wp-json\/wp\/v2\/product_cat?post=58289"},{"taxonomy":"product_tag","embeddable":true,"href":"https:\/\/www.livrariarema.com.br\/loja\/wp-json\/wp\/v2\/product_tag?post=58289"}],"curies":[{"name":"wp","href":"https:\/\/api.w.org\/{rel}","templated":true}]}}