{"id":58317,"date":"2021-01-22T11:26:47","date_gmt":"2021-01-22T14:26:47","guid":{"rendered":"https:\/\/www.livrariarema.com.br\/loja\/produtos\/sem%20categoria\/uma-questao-de-vida-e-morte-davi-goncalves\/"},"modified":"2026-01-20T17:21:17","modified_gmt":"2026-01-20T20:21:17","slug":"uma-questao-de-vida-e-morte-davi-goncalves","status":"publish","type":"product","link":"https:\/\/www.livrariarema.com.br\/loja\/produtos\/promocao\/livros-promocao\/uma-questao-de-vida-e-morte-davi-goncalves\/","title":{"rendered":"Uma Quest\u00e3o De Vida E Morte &#8211; Davi Gon\u00e7alves"},"content":{"rendered":"<p>Este livro vai levar voc\u00ea a entender, com profundidade e clareza, muitos aspectos do que verdadeiramente significa ser um Filho maduro de Deus.<\/p>\n<p>O Pastor Davi Gon\u00e7alves escreve sobre os muitos aspectos da nossa jornada em Deus em profundidade, mas, ao mesmo tempo, com simplicidade.<\/p>\n<p>Davi Gon\u00e7alves apresenta ensinamentos b\u00edblicos claros sobre a identidade e os caminhos pr\u00e1ticos para nossa reflex\u00e3o pessoal. Nossa identidade s\u00f3 entra no eixo quando compreendemos que somos filhos amados do Pai Celeste, com nossa imagem conformada a de Jesus Cristo, o filho de Deus. Neste texto, o leitor encontrar\u00e1 novos horizontes para sua vida.  Davi Gon\u00e7alves conhece a Jesus Cristo e tem sido uma testemunha fiel do Evangelho na conex\u00e3o Brasil-Jap\u00e3o, Ocidente-Oriente, Tradi\u00e7\u00e3o-Inova\u00e7\u00e3o. Esta obra \u00e9 mais um fruto de seu minist\u00e9rio marcado por humildade e poder, coragem e amor.<\/p>\n<p>Este material \u00e9 uma grande b\u00ean\u00e7\u00e3o para o corpo de cristo nos dias de Hoje.<\/p>\n<p>Este livro \u00e9 para todos os filhos que t\u00eam fome por um relacionamento mais profundo e pessoal com Deus, para crist\u00e3o que n\u00e3o se satisfazem com o raso.<\/p>\n","protected":false},"excerpt":{"rendered":"<p>Este livro vai levar voc\u00ea a entender, com profundidade e clareza, muitos aspectos do que verdadeiramente significa ser um Filho&hellip;<\/p>\n","protected":false},"featured_media":342754,"comment_status":"open","ping_status":"closed","template":"","meta":[],"product_cat":[143,142],"product_tag":[],"_links":{"self":[{"href":"https:\/\/www.livrariarema.com.br\/loja\/wp-json\/wp\/v2\/product\/58317"}],"collection":[{"href":"https:\/\/www.livrariarema.com.br\/loja\/wp-json\/wp\/v2\/product"}],"about":[{"href":"https:\/\/www.livrariarema.com.br\/loja\/wp-json\/wp\/v2\/types\/product"}],"replies":[{"embeddable":true,"href":"https:\/\/www.livrariarema.com.br\/loja\/wp-json\/wp\/v2\/comments?post=58317"}],"wp:featuredmedia":[{"embeddable":true,"href":"https:\/\/www.livrariarema.com.br\/loja\/wp-json\/wp\/v2\/media\/342754"}],"wp:attachment":[{"href":"https:\/\/www.livrariarema.com.br\/loja\/wp-json\/wp\/v2\/media?parent=58317"}],"wp:term":[{"taxonomy":"product_cat","embeddable":true,"href":"https:\/\/www.livrariarema.com.br\/loja\/wp-json\/wp\/v2\/product_cat?post=58317"},{"taxonomy":"product_tag","embeddable":true,"href":"https:\/\/www.livrariarema.com.br\/loja\/wp-json\/wp\/v2\/product_tag?post=58317"}],"curies":[{"name":"wp","href":"https:\/\/api.w.org\/{rel}","templated":true}]}}