{"id":58323,"date":"2021-01-22T11:26:59","date_gmt":"2021-01-22T14:26:59","guid":{"rendered":"https:\/\/www.livrariarema.com.br\/loja\/produtos\/sem%20categoria\/na-vertical-fabio-sousa\/"},"modified":"2025-12-11T15:47:45","modified_gmt":"2025-12-11T18:47:45","slug":"na-vertical-fabio-sousa","status":"publish","type":"product","link":"https:\/\/www.livrariarema.com.br\/loja\/produtos\/promocao\/livros-promocao\/na-vertical-fabio-sousa\/","title":{"rendered":"Na Vertical &#8211; F\u00e1bio Sousa"},"content":{"rendered":"<p>Ningu\u00e9m \u00e9 capaz de liderar o que quer que seja se antes n\u00e3o tiver aprendido a liderar a si mesmo. Por isso, de maneira pr\u00e1tica e b\u00edblica, este livro traz onze princ\u00edpios fundamentais para que voc\u00ea desenvolva um esp\u00edrito de lideran\u00e7a, fortale\u00e7a o seu potencial, descubra o seu chamado e viva o sucesso que Deus tem reservado para voc\u00ea em todas as \u00e1reas de sua vida. Dentro disso, o Na Vertical surgiu como uma resposta para lembrar que, independentemente do que acontecer, o maior desenvolvimento sempre se dar\u00e1 em ascend\u00eancia vertical, que representa o relacionamento com Deus. O sucesso, portanto, est\u00e1 na vertical, e ele n\u00e3o ocorre por acaso. Depende de voc\u00ea.<\/p>\n","protected":false},"excerpt":{"rendered":"<p>Ningu\u00e9m \u00e9 capaz de liderar o que quer que seja se antes n\u00e3o tiver aprendido a liderar a si mesmo.&hellip;<\/p>\n","protected":false},"featured_media":342329,"comment_status":"open","ping_status":"closed","template":"","meta":[],"product_cat":[143,142],"product_tag":[],"_links":{"self":[{"href":"https:\/\/www.livrariarema.com.br\/loja\/wp-json\/wp\/v2\/product\/58323"}],"collection":[{"href":"https:\/\/www.livrariarema.com.br\/loja\/wp-json\/wp\/v2\/product"}],"about":[{"href":"https:\/\/www.livrariarema.com.br\/loja\/wp-json\/wp\/v2\/types\/product"}],"replies":[{"embeddable":true,"href":"https:\/\/www.livrariarema.com.br\/loja\/wp-json\/wp\/v2\/comments?post=58323"}],"wp:featuredmedia":[{"embeddable":true,"href":"https:\/\/www.livrariarema.com.br\/loja\/wp-json\/wp\/v2\/media\/342329"}],"wp:attachment":[{"href":"https:\/\/www.livrariarema.com.br\/loja\/wp-json\/wp\/v2\/media?parent=58323"}],"wp:term":[{"taxonomy":"product_cat","embeddable":true,"href":"https:\/\/www.livrariarema.com.br\/loja\/wp-json\/wp\/v2\/product_cat?post=58323"},{"taxonomy":"product_tag","embeddable":true,"href":"https:\/\/www.livrariarema.com.br\/loja\/wp-json\/wp\/v2\/product_tag?post=58323"}],"curies":[{"name":"wp","href":"https:\/\/api.w.org\/{rel}","templated":true}]}}