{"id":58339,"date":"2021-01-22T11:27:31","date_gmt":"2021-01-22T14:27:31","guid":{"rendered":"https:\/\/www.livrariarema.com.br\/loja\/produtos\/sem%20categoria\/ekklesia-ed-silvoso\/"},"modified":"2025-11-06T13:04:34","modified_gmt":"2025-11-06T16:04:34","slug":"ekklesia-ed-silvoso","status":"publish","type":"product","link":"https:\/\/www.livrariarema.com.br\/loja\/produtos\/promocao\/livros-promocao\/ekklesia-ed-silvoso\/","title":{"rendered":"Ekklesia &#8211; Ed Silvoso"},"content":{"rendered":"<p>A Revolu\u00e7\u00e3o come\u00e7a na Igreja<\/p>\n<p>N\u00e3o \u00e9 segredo que hoje a igreja n\u00e3o tem sido uma influ\u00eancia em termos culturais. Mas por que n\u00e3o? Com todo o aumento da tecnologia, riqueza e o conhecimento que temos atualmente acerca de muitas coisas, por que ser\u00e1 que temos um impacto an\u00eamico comparado aos crist\u00e3os do primeira s\u00e9culo, da igreja &#8211; que n\u00e3o possu\u00edam recursos, tais como m\u00eddias sociais, primitiva, pr\u00e9dios elegantes, pastores profissionais e nem mesmo liberdade religiosa.<\/p>\n<p>Em Ekklesia, Ed Silvoso esmi\u00fa\u00e7a as Sagradas Escrituras descobrindo o real projeto que Jesus tem para Sua Ekklesia. Atrav\u00e9s de ensinos b\u00edblicos e exemplos contempor\u00e2neos, Silvoso mostra como n\u00f3s, em meio h\u00e1 um caos econ\u00f4mico, social, pol\u00edtico e moral do mundo atual, podemos nos transformar em uma Ekklesia revolucion\u00e1ria, transformadora e doadora de vida que Jesus nos chamou para ser.<\/p>\n","protected":false},"excerpt":{"rendered":"<p>A Revolu\u00e7\u00e3o come\u00e7a na Igreja N\u00e3o \u00e9 segredo que hoje a igreja n\u00e3o tem sido uma influ\u00eancia em termos culturais.&hellip;<\/p>\n","protected":false},"featured_media":340647,"comment_status":"open","ping_status":"closed","template":"","meta":[],"product_cat":[143,142],"product_tag":[],"_links":{"self":[{"href":"https:\/\/www.livrariarema.com.br\/loja\/wp-json\/wp\/v2\/product\/58339"}],"collection":[{"href":"https:\/\/www.livrariarema.com.br\/loja\/wp-json\/wp\/v2\/product"}],"about":[{"href":"https:\/\/www.livrariarema.com.br\/loja\/wp-json\/wp\/v2\/types\/product"}],"replies":[{"embeddable":true,"href":"https:\/\/www.livrariarema.com.br\/loja\/wp-json\/wp\/v2\/comments?post=58339"}],"wp:featuredmedia":[{"embeddable":true,"href":"https:\/\/www.livrariarema.com.br\/loja\/wp-json\/wp\/v2\/media\/340647"}],"wp:attachment":[{"href":"https:\/\/www.livrariarema.com.br\/loja\/wp-json\/wp\/v2\/media?parent=58339"}],"wp:term":[{"taxonomy":"product_cat","embeddable":true,"href":"https:\/\/www.livrariarema.com.br\/loja\/wp-json\/wp\/v2\/product_cat?post=58339"},{"taxonomy":"product_tag","embeddable":true,"href":"https:\/\/www.livrariarema.com.br\/loja\/wp-json\/wp\/v2\/product_tag?post=58339"}],"curies":[{"name":"wp","href":"https:\/\/api.w.org\/{rel}","templated":true}]}}