{"id":58341,"date":"2021-01-22T11:27:34","date_gmt":"2021-01-22T14:27:34","guid":{"rendered":"https:\/\/www.livrariarema.com.br\/loja\/produtos\/sem%20categoria\/igreja-nao-se-faz-no-singular-flavinho-marques\/"},"modified":"2025-12-29T10:10:33","modified_gmt":"2025-12-29T13:10:33","slug":"igreja-nao-se-faz-no-singular-flavinho-marques","status":"publish","type":"product","link":"https:\/\/www.livrariarema.com.br\/loja\/produtos\/promocao\/livros-promocao\/igreja-nao-se-faz-no-singular-flavinho-marques\/","title":{"rendered":"Igreja N\u00e3o Se Faz No Singular &#8211; Flavinho Marques"},"content":{"rendered":"<p>A Igreja n\u00e3o \u00e9 um pr\u00e9dio ou templo constru\u00eddo por homens. Se o fosse, j\u00e1 teria sido destru\u00edda h\u00e1 muito tempo. O Corpo de Cristo \u00e9 um organismo vivo e poderoso, composto por uma incr\u00edvel diversidade de pessoas comuns que, nas m\u00e3os de Deus, tornam-se capazes de cumprir o Seu prop\u00f3sito. Nesta cativante obra, Flavinho Marques nos ensina acerca do poder sobrenatural que h\u00e1 na unidade da Igreja. Com muita autoridade e simplicidade em suas palavras, o autor revela os princ\u00edpios e as principais pr\u00e1ticas para desenvolvermos comunidades crist\u00e3s saud\u00e1veis. Igreja n\u00e3o se faz no singular \u00e9 um chamado para todo crist\u00e3o que deseja viver para algo maior do que si mesmo e se desenvolver, de fato, como um Corpo, do qual Cristo \u00e9 o cabe\u00e7a.<\/p>\n","protected":false},"excerpt":{"rendered":"<p>A Igreja n\u00e3o \u00e9 um pr\u00e9dio ou templo constru\u00eddo por homens. Se o fosse, j\u00e1 teria sido destru\u00edda h\u00e1 muito&hellip;<\/p>\n","protected":false},"featured_media":341434,"comment_status":"open","ping_status":"closed","template":"","meta":[],"product_cat":[143,142],"product_tag":[],"_links":{"self":[{"href":"https:\/\/www.livrariarema.com.br\/loja\/wp-json\/wp\/v2\/product\/58341"}],"collection":[{"href":"https:\/\/www.livrariarema.com.br\/loja\/wp-json\/wp\/v2\/product"}],"about":[{"href":"https:\/\/www.livrariarema.com.br\/loja\/wp-json\/wp\/v2\/types\/product"}],"replies":[{"embeddable":true,"href":"https:\/\/www.livrariarema.com.br\/loja\/wp-json\/wp\/v2\/comments?post=58341"}],"wp:featuredmedia":[{"embeddable":true,"href":"https:\/\/www.livrariarema.com.br\/loja\/wp-json\/wp\/v2\/media\/341434"}],"wp:attachment":[{"href":"https:\/\/www.livrariarema.com.br\/loja\/wp-json\/wp\/v2\/media?parent=58341"}],"wp:term":[{"taxonomy":"product_cat","embeddable":true,"href":"https:\/\/www.livrariarema.com.br\/loja\/wp-json\/wp\/v2\/product_cat?post=58341"},{"taxonomy":"product_tag","embeddable":true,"href":"https:\/\/www.livrariarema.com.br\/loja\/wp-json\/wp\/v2\/product_tag?post=58341"}],"curies":[{"name":"wp","href":"https:\/\/api.w.org\/{rel}","templated":true}]}}