{"id":58345,"date":"2021-01-22T11:27:42","date_gmt":"2021-01-22T14:27:42","guid":{"rendered":"https:\/\/www.livrariarema.com.br\/loja\/produtos\/sem%20categoria\/edificando-sobre-a-rocha-vol-5-como-deus-mandou-um-cachorro-para-salvar-uma-familia-joel-beeke\/"},"modified":"2026-04-20T11:50:47","modified_gmt":"2026-04-20T14:50:47","slug":"edificando-sobre-a-rocha-vol-5-como-deus-mandou-um-cachorro-para-salvar-uma-familia-joel-beeke","status":"publish","type":"product","link":"https:\/\/www.livrariarema.com.br\/loja\/produtos\/livros\/juvenil\/edificando-sobre-a-rocha-vol-5-como-deus-mandou-um-cachorro-para-salvar-uma-familia-joel-beeke\/","title":{"rendered":"Edificando Sobre A Rocha &#8211; Vol 5 &#8211; Como Deus Mandou Um Cachorro Para Salvar Uma Fam\u00edlia &#8211; Joel Beeke"},"content":{"rendered":"<p>Emma e Alex n\u00e3o tiveram nada para comer o dia todo e n\u00e3o h\u00e1 comida na cozinha. A sua m\u00e3e n\u00e3o tem dinheiro para comprar alimento e tudo o que ela pode fazer \u00e9 orar para que, de algum modo, algu\u00e9m lhes mande algo para comer. Pela manh\u00e3, ouve-se um ru\u00eddo de arranh\u00f5es na porta e as crian\u00e7as saem para investigar. Descubra o que era o barulho na porta e como Deus respondeu \u00e0s ora\u00e7\u00f5es da fam\u00edlia. Leia outras hist\u00f3rias tamb\u00e9m, sobre o P\u00e3o Voador, o Corvo de Marta, e o Tren\u00f3 Roubado. Voc\u00ea descobrir\u00e1 como Deus cuida de n\u00f3s e como crian\u00e7as podem crer nele.<\/p>\n<p>Este livro faz parte da s\u00e9rie Edificando sobre a Rocha:<\/p>\n<p>1. Como Deus Usou Uma Tempestade<\/p>\n<p>2. Como Deus Impediu os Piratas<\/p>\n<p>3. Como Deus Usou Uma Nevasca<\/p>\n<p>4. Como Deus Usou uma Seca e um Guarda-Chuva<\/p>\n<p>5. Como Deus Mandou um Cachorro para Salvar uma Fam\u00edlia<\/p>\n<p>CONTE\u00daDO<br \/>\nPref\u00e1cio \u00e0 Edi\u00e7\u00e3o em Portugu\u00eas<br \/>\nPalavra dos Autores<br \/>\nComo Usar este Livro<br \/>\n1 Um Serm\u00e3o para um \u00danico Ouvinte<br \/>\n2 Como Deus Enviou um Cachorro para Salvar uma Fam\u00edlia<br \/>\n3 Os Pintinhos da Connie<br \/>\n4 Fazendo a Obra de Deus<br \/>\n5 Tudo &#8211; At\u00e9 o Carv\u00e3o!<br \/>\n6 P\u00e3o do C\u00e9u<br \/>\n7 Deus \u00e9 Real<br \/>\n8 A Gratid\u00e3o de Jack<br \/>\n9 Deus Vive<br \/>\n10 Johan Brentz<br \/>\n11 Deus Cuida de um Menininho<br \/>\n12 O Corvo da Senhora Marta<br \/>\n13 &#8220;Pai Nosso, que Est\u00e1s nos C\u00e9us&#8221;<br \/>\n14 &#8220;Mande Comida para Jo\u00e3o&#8221;<br \/>\n15 O Pequeno Limpador de Chamin\u00e9s<br \/>\n16 O Carpinteiro Alem\u00e3o<br \/>\n17 O Tren\u00f3 Roubado<br \/>\n18 Depois de Muitos Dias<br \/>\n19 A Vingan\u00e7a de Robert<br \/>\n20 O Pequeno e Corajoso Engraxate<br \/>\n21 A Menininha e o Prisioneiro<br \/>\n22 A Prova\u00e7\u00e3o do Tom<br \/>\n23 William, o Escravo Africano<br \/>\n24 Confia no Senhor<br \/>\n25 Mais Alvo do que a Neve<br \/>\n26 Willie<br \/>\n27 A Ora\u00e7\u00e3o do Pequeno Limpador de Chamin\u00e9s<br \/>\n\u00cdndice de Refer\u00eancias B\u00edblicas<br \/>\nRespostas por Cap\u00edtulo<br \/>\n\u00cdndice de Refer\u00eancias B\u00edblicas da S\u00e9rie<br \/>\nSobre os Autores<\/p>\n<p> SOBRE OS AUTORES<br \/>\nO Dr. Joel Beeke \u00e9 presidente e professor de teologia sistem\u00e1tica e prega\u00e7\u00e3o no Semin\u00e1rio Teol\u00f3gico Reforma\u00addo Puritano, pastor da Congrega\u00e7\u00e3o Reformada Heran\u00e7a Holandesa em Grand Rapids, Michigan, editor da Ban\u00addeira da Verdade da Gra\u00e7a Soberana, diretor editorial da Heran\u00e7a Reformada Livros, presidente da Heran\u00e7a Publica\u00e7\u00f5es, e vice-presidente da Sociedade de Tradu\u00e7\u00e3o Reformada Holandesa. Ele tem escrito ou editado mais de cinquenta livros (incluindo v\u00e1rios para crian\u00e7as), e contri\u00adbu\u00eddo com mais de mil e quinhentos artigos para livros, revistas, peri\u00f3dicos e enciclop\u00e9dias reformadas. Seu dou\u00adtorado \u00e9 em teologia da Reforma e da p\u00f3s-Reforma, pelo Semin\u00e1rio Teol\u00f3gico de Westminster. Ele \u00e9 frequentemen\u00adte convidado para dar palestras em semin\u00e1rios e para fa\u00adlar em confer\u00eancias reformadas ao redor do mundo. Ele e sua esposa, Mary, foram aben\u00e7oados com tr\u00eas filhos.<\/p>\n<p>Diana Kleyn \u00e9 membro da Congrega\u00e7\u00e3o Reformada Heran\u00e7a Holandesa em Grand Rapids, Michigan. Ela \u00e9 casada com Chris, \u00e9 m\u00e3e de tr\u00eas filhos e tem um desejo por ajudar as crian\u00e7as a compreender e a abra\u00e7as as verdades da Palavra de Deus. Ela \u00e9 autora de Crescendo Ra\u00edzes e de Dando Frutos, que s\u00e3o colet\u00e2neas de hist\u00f3rias sobre con\u00advers\u00e3o e piedade escritas para crian\u00e7as. Ela e o Dr. Beeke recentemente co-autoraram Her\u00f3is da Reforma, que conta sobre a vida de cerca de quarenta personagens da Refor\u00adma para crian\u00e7as de 10 anos ou mais. Ela tamb\u00e9m escreve mensalmente para a se\u00e7\u00e3o infantil na revista Bandeira da Verdade da Gra\u00e7a Soberana.<\/p>\n","protected":false},"excerpt":{"rendered":"<p>Emma e Alex n\u00e3o tiveram nada para comer o dia todo e n\u00e3o h\u00e1 comida na cozinha. A sua m\u00e3e&hellip;<\/p>\n","protected":false},"featured_media":343066,"comment_status":"open","ping_status":"closed","template":"","meta":[],"product_cat":[184,134],"product_tag":[],"_links":{"self":[{"href":"https:\/\/www.livrariarema.com.br\/loja\/wp-json\/wp\/v2\/product\/58345"}],"collection":[{"href":"https:\/\/www.livrariarema.com.br\/loja\/wp-json\/wp\/v2\/product"}],"about":[{"href":"https:\/\/www.livrariarema.com.br\/loja\/wp-json\/wp\/v2\/types\/product"}],"replies":[{"embeddable":true,"href":"https:\/\/www.livrariarema.com.br\/loja\/wp-json\/wp\/v2\/comments?post=58345"}],"wp:featuredmedia":[{"embeddable":true,"href":"https:\/\/www.livrariarema.com.br\/loja\/wp-json\/wp\/v2\/media\/343066"}],"wp:attachment":[{"href":"https:\/\/www.livrariarema.com.br\/loja\/wp-json\/wp\/v2\/media?parent=58345"}],"wp:term":[{"taxonomy":"product_cat","embeddable":true,"href":"https:\/\/www.livrariarema.com.br\/loja\/wp-json\/wp\/v2\/product_cat?post=58345"},{"taxonomy":"product_tag","embeddable":true,"href":"https:\/\/www.livrariarema.com.br\/loja\/wp-json\/wp\/v2\/product_tag?post=58345"}],"curies":[{"name":"wp","href":"https:\/\/api.w.org\/{rel}","templated":true}]}}