{"id":58349,"date":"2021-01-22T11:27:50","date_gmt":"2021-01-22T14:27:50","guid":{"rendered":"https:\/\/www.livrariarema.com.br\/loja\/produtos\/sem%20categoria\/serie-herois-cristaos-ontem-e-hoje-rachel-saint-janet-benge-e-geoff-benge\/"},"modified":"2026-02-20T13:35:11","modified_gmt":"2026-02-20T16:35:11","slug":"serie-herois-cristaos-ontem-e-hoje-rachel-saint-janet-benge-e-geoff-benge","status":"publish","type":"product","link":"https:\/\/www.livrariarema.com.br\/loja\/produtos\/livros\/biografia\/serie-herois-cristaos-ontem-e-hoje-rachel-saint-janet-benge-e-geoff-benge\/","title":{"rendered":"S\u00e9rie Her\u00f3is Crist\u00e3os Ontem E Hoje &#8211; Vol. 07 &#8211; Rachel Saint &#8211; Janet Benge E Geoff Benge"},"content":{"rendered":"<p>A bordo do Aquitania, Rachel percebeu algo estranho acontecendo com ela. Era como se ela n\u00e3o estivesse mais no conv\u00e9s do navio, mas em uma clareira da floresta, olhando para um grupo de pessoas de pele marrom e seminuas. As pessoas acenaram para ela vir. De repente, a cena desapareceu, e Rachel caiu de joelhos e orou.<br \/>\n<Br><Br><br \/>\nQuando a jovem Rachel Saint entregou sua vida a Deus, ela iniciou uma jornada inimagin\u00e1vel que duraria d\u00e9cadas e transformaria radicalmente uma cultura agonizante mergulhada em vingan\u00e7a. Contra todas as probabilidades, Deus a levaria aos \u00edndios Waorani do Equador &#8211; conhecidos como Aucas, ou selvagens, e famosos por assassinatos.<Br><br \/>\n<Br><br \/>\nApesar do mart\u00edrio de cinco mission\u00e1rios pelas lan\u00e7as Waorani, Rachel ousadamente persistiu em seguir a Deus. Em um dos maiores testemunhos da gra\u00e7a e do poder de Deus em nossos dias, essa pioneira tradutora da B\u00edblia viveria duas d\u00e9cadas com os assassinos de seu pr\u00f3prio irm\u00e3o, pela alegria de v\u00ea-los se tornar irm\u00e3os e irm\u00e3s em Cristo.<Br><\/p>\n","protected":false},"excerpt":{"rendered":"<p>A bordo do Aquitania, Rachel percebeu algo estranho acontecendo com ela. Era como se ela n\u00e3o estivesse mais no conv\u00e9s&hellip;<\/p>\n","protected":false},"featured_media":345084,"comment_status":"open","ping_status":"closed","template":"","meta":[],"product_cat":[181,134],"product_tag":[],"_links":{"self":[{"href":"https:\/\/www.livrariarema.com.br\/loja\/wp-json\/wp\/v2\/product\/58349"}],"collection":[{"href":"https:\/\/www.livrariarema.com.br\/loja\/wp-json\/wp\/v2\/product"}],"about":[{"href":"https:\/\/www.livrariarema.com.br\/loja\/wp-json\/wp\/v2\/types\/product"}],"replies":[{"embeddable":true,"href":"https:\/\/www.livrariarema.com.br\/loja\/wp-json\/wp\/v2\/comments?post=58349"}],"wp:featuredmedia":[{"embeddable":true,"href":"https:\/\/www.livrariarema.com.br\/loja\/wp-json\/wp\/v2\/media\/345084"}],"wp:attachment":[{"href":"https:\/\/www.livrariarema.com.br\/loja\/wp-json\/wp\/v2\/media?parent=58349"}],"wp:term":[{"taxonomy":"product_cat","embeddable":true,"href":"https:\/\/www.livrariarema.com.br\/loja\/wp-json\/wp\/v2\/product_cat?post=58349"},{"taxonomy":"product_tag","embeddable":true,"href":"https:\/\/www.livrariarema.com.br\/loja\/wp-json\/wp\/v2\/product_tag?post=58349"}],"curies":[{"name":"wp","href":"https:\/\/api.w.org\/{rel}","templated":true}]}}