{"id":58410,"date":"2021-01-22T11:29:50","date_gmt":"2021-01-22T14:29:50","guid":{"rendered":"https:\/\/www.livrariarema.com.br\/loja\/produtos\/sem%20categoria\/biblia-naa-letra-normal-montanha\/"},"modified":"2026-03-20T10:38:20","modified_gmt":"2026-03-20T13:38:20","slug":"biblia-naa-letra-normal-montanha","status":"publish","type":"product","link":"https:\/\/www.livrariarema.com.br\/loja\/produtos\/biblias\/nova-almeida-atualizada\/biblia-naa-letra-normal-montanha\/","title":{"rendered":"B\u00edblia Naa &#8211; Letra Normal &#8211; Montanha"},"content":{"rendered":"<p>A B\u00edblia nos fala do amor de Deus por n\u00f3s e tamb\u00e9m nos chama a amar a Deus. No salmo 119, temos um exemplo dessa declara\u00e7\u00e3o de amor. Encontramos nesse salmo uma rela\u00e7\u00e3o de amor, de encanto, de louvor, depend\u00eancia e devo\u00e7\u00e3o por tudo aquilo que Deus fala aos homens. Nesse salmo ele usa v\u00e1rios termos para se referir \u00e0 Palavra de Deus na B\u00edblia: Lei, Preceitos, Estatutos, Mandamentos, Ju\u00edzos, Palavra, Caminho, Testemunho, Fidelidade, e ele ent\u00e3o vai dizer a todos n\u00f3s que essas palavras t\u00eam poder transformador, que elas s\u00e3o capazes de lev\u00e1-lo para perto de Deus, de lhe conceder sabedoria, gra\u00e7a e perd\u00e3o. Ele diz que essa Palavra \u00e9 poderosa para sustent\u00e1-lo, gui\u00e1-lo, nutri-lo, fortalec\u00ea-lo, ilumin\u00e1-lo, encoraj\u00e1-lo, ensin\u00e1-lo, adverti-lo, exort\u00e1-lo e corrigi-lo. A B\u00edblia nos convida a amar a Deus e encontrar nele tudo o que precisamos para nossa vida hoje e na eternidade. <br \/>\nTiago Santos &#8211; Editor chefe<\/p>\n","protected":false},"excerpt":{"rendered":"<p>A B\u00edblia nos fala do amor de Deus por n\u00f3s e tamb\u00e9m nos chama a amar a Deus. No salmo&hellip;<\/p>\n","protected":false},"featured_media":346392,"comment_status":"open","ping_status":"closed","template":"","meta":[],"product_cat":[139,174],"product_tag":[],"_links":{"self":[{"href":"https:\/\/www.livrariarema.com.br\/loja\/wp-json\/wp\/v2\/product\/58410"}],"collection":[{"href":"https:\/\/www.livrariarema.com.br\/loja\/wp-json\/wp\/v2\/product"}],"about":[{"href":"https:\/\/www.livrariarema.com.br\/loja\/wp-json\/wp\/v2\/types\/product"}],"replies":[{"embeddable":true,"href":"https:\/\/www.livrariarema.com.br\/loja\/wp-json\/wp\/v2\/comments?post=58410"}],"wp:featuredmedia":[{"embeddable":true,"href":"https:\/\/www.livrariarema.com.br\/loja\/wp-json\/wp\/v2\/media\/346392"}],"wp:attachment":[{"href":"https:\/\/www.livrariarema.com.br\/loja\/wp-json\/wp\/v2\/media?parent=58410"}],"wp:term":[{"taxonomy":"product_cat","embeddable":true,"href":"https:\/\/www.livrariarema.com.br\/loja\/wp-json\/wp\/v2\/product_cat?post=58410"},{"taxonomy":"product_tag","embeddable":true,"href":"https:\/\/www.livrariarema.com.br\/loja\/wp-json\/wp\/v2\/product_tag?post=58410"}],"curies":[{"name":"wp","href":"https:\/\/api.w.org\/{rel}","templated":true}]}}