{"id":58468,"date":"2021-01-22T11:31:41","date_gmt":"2021-01-22T14:31:41","guid":{"rendered":"https:\/\/www.livrariarema.com.br\/loja\/produtos\/sem%20categoria\/dicionario-biblico-totalmente-ilustrado\/"},"modified":"2025-09-12T17:30:37","modified_gmt":"2025-09-12T20:30:37","slug":"dicionario-biblico-totalmente-ilustrado","status":"publish","type":"product","link":"https:\/\/www.livrariarema.com.br\/loja\/produtos\/livros\/dicionario-gramatica\/dicionario-biblico-totalmente-ilustrado\/","title":{"rendered":"Dicion\u00e1rio B\u00edblico Totalmente Ilustrado"},"content":{"rendered":"<p>O que esta palavra significa?<br \/>\nA B\u00edblia \u00e9 incr\u00edvel&#8230; mas alguns dos lugares estranhos, nomes engra\u00e7ados e palavras incomuns podem torn\u00e1-la dif\u00edcil de ler.<br \/>\nVoc\u00ea simplesmente pula termos desconhecidos? Voc\u00ea gostaria de saber o que eles significam? Agora voc\u00ea pode!<br \/>\nDe A at\u00e9 Z, este dicion\u00e1rio para l\u00e1 de \u00fatil est\u00e1 repleto de centenas de defini\u00e7\u00f5es para as palavras confusas com as quais voc\u00ea se depara quando est\u00e1 lendo a Palavra de Deus. Ele tamb\u00e9m possui um mont\u00e3o de imagens legais e coloridas para ajud\u00e1-lo a ver o que as palavras significam.<\/p>\n","protected":false},"excerpt":{"rendered":"<p>O que esta palavra significa? A B\u00edblia \u00e9 incr\u00edvel&#8230; mas alguns dos lugares estranhos, nomes engra\u00e7ados e palavras incomuns podem&hellip;<\/p>\n","protected":false},"featured_media":331050,"comment_status":"open","ping_status":"closed","template":"","meta":[],"product_cat":[159,134],"product_tag":[],"_links":{"self":[{"href":"https:\/\/www.livrariarema.com.br\/loja\/wp-json\/wp\/v2\/product\/58468"}],"collection":[{"href":"https:\/\/www.livrariarema.com.br\/loja\/wp-json\/wp\/v2\/product"}],"about":[{"href":"https:\/\/www.livrariarema.com.br\/loja\/wp-json\/wp\/v2\/types\/product"}],"replies":[{"embeddable":true,"href":"https:\/\/www.livrariarema.com.br\/loja\/wp-json\/wp\/v2\/comments?post=58468"}],"wp:featuredmedia":[{"embeddable":true,"href":"https:\/\/www.livrariarema.com.br\/loja\/wp-json\/wp\/v2\/media\/331050"}],"wp:attachment":[{"href":"https:\/\/www.livrariarema.com.br\/loja\/wp-json\/wp\/v2\/media?parent=58468"}],"wp:term":[{"taxonomy":"product_cat","embeddable":true,"href":"https:\/\/www.livrariarema.com.br\/loja\/wp-json\/wp\/v2\/product_cat?post=58468"},{"taxonomy":"product_tag","embeddable":true,"href":"https:\/\/www.livrariarema.com.br\/loja\/wp-json\/wp\/v2\/product_tag?post=58468"}],"curies":[{"name":"wp","href":"https:\/\/api.w.org\/{rel}","templated":true}]}}