{"id":58508,"date":"2021-01-22T11:33:05","date_gmt":"2021-01-22T14:33:05","guid":{"rendered":"https:\/\/www.livrariarema.com.br\/loja\/produtos\/sem%20categoria\/biblia-do-bebe-grandes-herois-da-biblia\/"},"modified":"2026-02-28T11:38:11","modified_gmt":"2026-02-28T14:38:11","slug":"biblia-do-bebe-grandes-herois-da-biblia","status":"publish","type":"product","link":"https:\/\/www.livrariarema.com.br\/loja\/produtos\/livros\/infantil\/biblia-do-bebe-grandes-herois-da-biblia\/","title":{"rendered":"Almofadado &#8211; B\u00edblia Do Beb\u00ea &#8211; Grandes Her\u00f3is Da B\u00edblia"},"content":{"rendered":"<p>As hist\u00f3rias b\u00edblicas narradas de maneira simples e ricamente ilustradas para que bebes e crian\u00e7as possam conhecer desde cedo o amor de Deus.<\/p>\n","protected":false},"excerpt":{"rendered":"<p>As hist\u00f3rias b\u00edblicas narradas de maneira simples e ricamente ilustradas para que bebes e crian\u00e7as possam conhecer desde cedo o&hellip;<\/p>\n","protected":false},"featured_media":334057,"comment_status":"open","ping_status":"closed","template":"","meta":[],"product_cat":[144,134],"product_tag":[],"_links":{"self":[{"href":"https:\/\/www.livrariarema.com.br\/loja\/wp-json\/wp\/v2\/product\/58508"}],"collection":[{"href":"https:\/\/www.livrariarema.com.br\/loja\/wp-json\/wp\/v2\/product"}],"about":[{"href":"https:\/\/www.livrariarema.com.br\/loja\/wp-json\/wp\/v2\/types\/product"}],"replies":[{"embeddable":true,"href":"https:\/\/www.livrariarema.com.br\/loja\/wp-json\/wp\/v2\/comments?post=58508"}],"wp:featuredmedia":[{"embeddable":true,"href":"https:\/\/www.livrariarema.com.br\/loja\/wp-json\/wp\/v2\/media\/334057"}],"wp:attachment":[{"href":"https:\/\/www.livrariarema.com.br\/loja\/wp-json\/wp\/v2\/media?parent=58508"}],"wp:term":[{"taxonomy":"product_cat","embeddable":true,"href":"https:\/\/www.livrariarema.com.br\/loja\/wp-json\/wp\/v2\/product_cat?post=58508"},{"taxonomy":"product_tag","embeddable":true,"href":"https:\/\/www.livrariarema.com.br\/loja\/wp-json\/wp\/v2\/product_tag?post=58508"}],"curies":[{"name":"wp","href":"https:\/\/api.w.org\/{rel}","templated":true}]}}