{"id":58510,"date":"2021-01-22T11:33:09","date_gmt":"2021-01-22T14:33:09","guid":{"rendered":"https:\/\/www.livrariarema.com.br\/loja\/produtos\/sem%20categoria\/365-atividades-biblicas-diversao-amor-deus-biblia-fe\/"},"modified":"2026-03-18T14:21:20","modified_gmt":"2026-03-18T17:21:20","slug":"365-atividades-biblicas-diversao-amor-deus-biblia-fe","status":"publish","type":"product","link":"https:\/\/www.livrariarema.com.br\/loja\/produtos\/livros\/infantil\/365-atividades-biblicas-diversao-amor-deus-biblia-fe\/","title":{"rendered":"365 Atividades B\u00edblicas &#8211; Divers\u00e3o, Amor, Deus, B\u00edblia, F\u00e9"},"content":{"rendered":"<p>Conhe\u00e7a grandes personagens da B\u00edblica e aprenda sobre os milagres de Jesus. Tudo isso de uma maneira simples: brincando! S\u00e3o 365 atividades para voc\u00ea se divertir e aprender um pouco mais sobre a B\u00edblia, colorir, desenhar, resolver labirintos, ligar pontos e muitos mais.<\/p>\n","protected":false},"excerpt":{"rendered":"<p>Conhe\u00e7a grandes personagens da B\u00edblica e aprenda sobre os milagres de Jesus. Tudo isso de uma maneira simples: brincando! S\u00e3o&hellip;<\/p>\n","protected":false},"featured_media":335807,"comment_status":"open","ping_status":"closed","template":"","meta":[],"product_cat":[144,134],"product_tag":[],"_links":{"self":[{"href":"https:\/\/www.livrariarema.com.br\/loja\/wp-json\/wp\/v2\/product\/58510"}],"collection":[{"href":"https:\/\/www.livrariarema.com.br\/loja\/wp-json\/wp\/v2\/product"}],"about":[{"href":"https:\/\/www.livrariarema.com.br\/loja\/wp-json\/wp\/v2\/types\/product"}],"replies":[{"embeddable":true,"href":"https:\/\/www.livrariarema.com.br\/loja\/wp-json\/wp\/v2\/comments?post=58510"}],"wp:featuredmedia":[{"embeddable":true,"href":"https:\/\/www.livrariarema.com.br\/loja\/wp-json\/wp\/v2\/media\/335807"}],"wp:attachment":[{"href":"https:\/\/www.livrariarema.com.br\/loja\/wp-json\/wp\/v2\/media?parent=58510"}],"wp:term":[{"taxonomy":"product_cat","embeddable":true,"href":"https:\/\/www.livrariarema.com.br\/loja\/wp-json\/wp\/v2\/product_cat?post=58510"},{"taxonomy":"product_tag","embeddable":true,"href":"https:\/\/www.livrariarema.com.br\/loja\/wp-json\/wp\/v2\/product_tag?post=58510"}],"curies":[{"name":"wp","href":"https:\/\/api.w.org\/{rel}","templated":true}]}}