{"id":58520,"date":"2021-01-22T11:33:28","date_gmt":"2021-01-22T14:33:28","guid":{"rendered":"https:\/\/www.livrariarema.com.br\/loja\/produtos\/sem%20categoria\/somos-todos-sacerdotes-dr-sam-sasser-e-dr-judson-cornwall\/"},"modified":"2025-08-05T18:35:42","modified_gmt":"2025-08-05T21:35:42","slug":"somos-todos-sacerdotes-dr-sam-sasser-e-dr-judson-cornwall","status":"publish","type":"product","link":"https:\/\/www.livrariarema.com.br\/loja\/produtos\/livros\/ministerio\/somos-todos-sacerdotes-dr-sam-sasser-e-dr-judson-cornwall\/","title":{"rendered":"Somos Todos Sacerdotes &#8211; Dr. Sam Sasser E Dr. Judson Cornwall"},"content":{"rendered":"<p>Um livro profundo e envolvente, Desenvolvendo Seu Sacerd\u00f3cio nos faz rever nossos conceitos sobre louvor e adora\u00e7\u00e3o e mais ainda sobre nosso lugar na adora\u00e7\u00e3o, seja voc\u00ea o pastor de uma igreja grande ou pequena, um l\u00edder de louvor, um membro no meio da congrega\u00e7\u00e3o, uma ocupada dona-de-casa, um empres\u00e1rio bem-sucedido ou um estudante.Cada crist\u00e3o \u00e9 chamado para oferecer ao Senhor o seu sacrif\u00edcio de louvor.  Este \u00e9 nosso alto e santo chamado.<\/p>\n","protected":false},"excerpt":{"rendered":"<p>Um livro profundo e envolvente, Desenvolvendo Seu Sacerd\u00f3cio nos faz rever nossos conceitos sobre louvor e adora\u00e7\u00e3o e mais ainda&hellip;<\/p>\n","protected":false},"featured_media":328979,"comment_status":"open","ping_status":"closed","template":"","meta":[],"product_cat":[134,148],"product_tag":[],"_links":{"self":[{"href":"https:\/\/www.livrariarema.com.br\/loja\/wp-json\/wp\/v2\/product\/58520"}],"collection":[{"href":"https:\/\/www.livrariarema.com.br\/loja\/wp-json\/wp\/v2\/product"}],"about":[{"href":"https:\/\/www.livrariarema.com.br\/loja\/wp-json\/wp\/v2\/types\/product"}],"replies":[{"embeddable":true,"href":"https:\/\/www.livrariarema.com.br\/loja\/wp-json\/wp\/v2\/comments?post=58520"}],"wp:featuredmedia":[{"embeddable":true,"href":"https:\/\/www.livrariarema.com.br\/loja\/wp-json\/wp\/v2\/media\/328979"}],"wp:attachment":[{"href":"https:\/\/www.livrariarema.com.br\/loja\/wp-json\/wp\/v2\/media?parent=58520"}],"wp:term":[{"taxonomy":"product_cat","embeddable":true,"href":"https:\/\/www.livrariarema.com.br\/loja\/wp-json\/wp\/v2\/product_cat?post=58520"},{"taxonomy":"product_tag","embeddable":true,"href":"https:\/\/www.livrariarema.com.br\/loja\/wp-json\/wp\/v2\/product_tag?post=58520"}],"curies":[{"name":"wp","href":"https:\/\/api.w.org\/{rel}","templated":true}]}}