{"id":58530,"date":"2021-01-22T11:33:44","date_gmt":"2021-01-22T14:33:44","guid":{"rendered":"https:\/\/www.livrariarema.com.br\/loja\/produtos\/sem%20categoria\/os-dez-mandamentos-estudos-devocionais-para-criancas-paulo-anglada-e-karis-anglada-davis\/"},"modified":"2024-10-17T14:29:21","modified_gmt":"2024-10-17T17:29:21","slug":"os-dez-mandamentos-estudos-devocionais-para-criancas-paulo-anglada-e-karis-anglada-davis","status":"publish","type":"product","link":"https:\/\/www.livrariarema.com.br\/loja\/produtos\/livros\/infantil\/os-dez-mandamentos-estudos-devocionais-para-criancas-paulo-anglada-e-karis-anglada-davis\/","title":{"rendered":"Os Dez Mandamentos &#8211; Estudos Devocionais Para Crian\u00e7as &#8211; Paulo Anglada E Karis Anglada Davis"},"content":{"rendered":"<p>Convencidos de que as crian\u00e7as podem absorver muito mais do que normalmente se imagina, de que suas mentes s\u00e3o \u00e1vidas por memorizar e capazes de guardar li\u00e7\u00f5es de todo tipo, e de que elas precisam, em sua fase de crescimento, de tanto alimento espiritual de qualidade quanto possamos dar, oferecemos esse livro com estudos b\u00edblicos adaptados para crian\u00e7as. Eles s\u00e3o resumos simplificados e ilustrados dos pontos centrais, das li\u00e7\u00f5es e das aplica\u00e7\u00f5es extra\u00eddas de uma s\u00e9rie de estudos sobre os Dez Mandamentos, proferidos pelo Pr. Paulo Anglada na Igreja Presbiteriana Central do Par\u00e1.<\/p>\n<p>Esperamos, que esses estudos sejam de bom proveito para a instru\u00e7\u00e3o dos nossos filhos da alian\u00e7a na verdade, e para que eles iniciem sua vida crist\u00e3 com o firme fundamento da prega\u00e7\u00e3o da Palavra de Deus.<\/p>\n<p> DESCRI\u00c7\u00c3O:<br \/>\nConvencidos de que as crian\u00e7as podem absorver muito mais conte\u00fado do que normalmente se imagina, de que suas mentes s\u00e3o \u00e1vidas por memorizar pontos e capazes de guardar li\u00e7\u00f5es de todo tipo, e de que elas precisam, em sua fase de crescimento, de tanto alimento espiritual de qualidade quanto possamos dar, oferecemos esse livro com estudos b\u00edblicos adaptados para crian\u00e7as. S\u00e3o resumos simplificados e ilustrados dos pontos centrais, das li\u00e7\u00f5es e das aplica\u00e7\u00f5es extra\u00eddas de uma s\u00e9rie de estudos sobre os Dez Mandamentos, proferidos pelo Pr. Paulo Anglada na Igreja Presbiteriana Central do Par\u00e1.<\/p>\n<p>O livro \u00e9 composto de doze li\u00e7\u00f5es: uma li\u00e7\u00e3o de introdu\u00e7\u00e3o, dez li\u00e7\u00f5es explicando e aplicando cada mandamento segundo a excelente interpreta\u00e7\u00e3o do Catecismo Maior de Westminster, e uma li\u00e7\u00e3o final de conclus\u00e3o. Cada li\u00e7\u00e3o cont\u00e9m indica\u00e7\u00e3o de leitura b\u00edblica inicial e de um vers\u00edculo para memoriza\u00e7\u00e3o, al\u00e9m de ilustra\u00e7\u00f5es, resumo, quest\u00f5es para discuss\u00e3o e, como material de apoio, sugest\u00e3o de perguntas do catecismo para memoriza\u00e7\u00e3o.<\/p>\n<p>N\u00e3o h\u00e1 restri\u00e7\u00e3o de idade, visto que os pais podem adaptar &#8211; com um pouco de esfor\u00e7o e jeitinho &#8211; cada li\u00e7\u00e3o para as crescentes necessidades e fases de suas crian\u00e7as. Esperamos, com confian\u00e7a, que esses estudos di\u00e1rios sejam de bom proveito para a instru\u00e7\u00e3o dos nossos filhos da alian\u00e7a na verdade, e para que iniciem sua vida crist\u00e3 com o firme fundamento da prega\u00e7\u00e3o fiel da Palavra de Deus.<\/p>\n<p>CONTE\u00daDO<br \/>\nPref\u00e1cio<\/p>\n<p>Uma Palavra aos Pais e Professores: Como usar este livro?<\/p>\n<p>Li\u00e7\u00e3o 1: Os Dez Mandamentos e a Alian\u00e7a de Deus com o seu Povo<\/p>\n<p>Li\u00e7\u00e3o 2: O Primeiro Mandamento e o Respeito ao Deus Verdadeiro<\/p>\n<p>Li\u00e7\u00e3o 3: O Segundo Mandamento e o Respeito ao Culto a Deus<\/p>\n<p>Li\u00e7\u00e3o 4: O Terceiro Mandamento e o Respeito ao Nome de Deus<\/p>\n<p>Li\u00e7\u00e3o 5: O Quarto Mandamento e o Respeito ao Dia do Senhor<\/p>\n<p>Li\u00e7\u00e3o 6: O Quinto Mandamento e o Respeito \u00e0s Autoridades<\/p>\n<p>Li\u00e7\u00e3o 7: O Sexto Mandamento e o  Respeito \u00e0 Vida<\/p>\n<p>Li\u00e7\u00e3o 8: O S\u00e9timo Mandamento e o Respeito \u00e0 Fam\u00edlia<\/p>\n<p>Li\u00e7\u00e3o 9: O Oitavo Mandamento e o Respeito \u00e0 Propriedade dos Outros<\/p>\n<p>Li\u00e7\u00e3o 10: O Nono Mandamento e o Respeito ao Nome das Pessoas<\/p>\n<p>Li\u00e7\u00e3o 11: O D\u00e9cimo Mandamento e o Exerc\u00edcio do Contentamento<\/p>\n<p>Li\u00e7\u00e3o 12: Usando os Dez Mandamentos na Nossa Vida<\/p>\n<p>SOBRE OS AUTORES<br \/>\nO Rev. Paulo Anglada \u00e9 ministro presbiteriano h\u00e1 mais de trinta anos. Sua forma\u00e7\u00e3o teol\u00f3gica inclui um mestrado em Teologia pela Potchefstroom University for Christian Higher Education e doutorado em Minist\u00e9rio pelo Westminster Theological Seminary in California. Atualmente ele \u00e9 pastor em\u00e9rito da IPCPa, presidente da Associa\u00e7\u00e3o Reformada Palavra da Verdade, professor de Novo Testamento, Teologia Sistem\u00e1tica e Prega\u00e7\u00e3o no International Reformed Theological College, e tem se dedicado especialmente \u00e0 pesquisa e publica\u00e7\u00e3o de literatura teol\u00f3gica reformada.<\/p>\n<p>Ele \u00e9 casado com Layse Gueiros e tem tr\u00eas filhos: Karis Beatriz, Paulus Roberto e Anna Layse. <\/p>\n<p>Karis Anglada Davis \u00e9 graduada em pedagogia pela Universidade Estadual do Par\u00e1, foi professora de l\u00edngua Inglesa no Centro de Estudos John Knox, e \u00e9 pesquisadora na \u00e1rea de Hist\u00f3ria e Filosofia da Educa\u00e7\u00e3o Reformada. Ela \u00e9 redatora e escritora do blog educacional Ma\u00e7as de Ouro na \u00c1rvore da Vida e autora de Fundamentos Hist\u00f3ricos e Filos\u00f3ficos de uma Educa\u00e7\u00e3o B\u00edblico-Reformada.<\/p>\n<p>Karis Davis \u00e9 casada com Lucas Davis e tem cinco filhos: Jonathan, Jim, Maggie, Annie e Emma.<\/p>\n","protected":false},"excerpt":{"rendered":"<p>Convencidos de que as crian\u00e7as podem absorver muito mais do que normalmente se imagina, de que suas mentes s\u00e3o \u00e1vidas&hellip;<\/p>\n","protected":false},"featured_media":320373,"comment_status":"open","ping_status":"closed","template":"","meta":[],"product_cat":[144,134],"product_tag":[],"_links":{"self":[{"href":"https:\/\/www.livrariarema.com.br\/loja\/wp-json\/wp\/v2\/product\/58530"}],"collection":[{"href":"https:\/\/www.livrariarema.com.br\/loja\/wp-json\/wp\/v2\/product"}],"about":[{"href":"https:\/\/www.livrariarema.com.br\/loja\/wp-json\/wp\/v2\/types\/product"}],"replies":[{"embeddable":true,"href":"https:\/\/www.livrariarema.com.br\/loja\/wp-json\/wp\/v2\/comments?post=58530"}],"wp:featuredmedia":[{"embeddable":true,"href":"https:\/\/www.livrariarema.com.br\/loja\/wp-json\/wp\/v2\/media\/320373"}],"wp:attachment":[{"href":"https:\/\/www.livrariarema.com.br\/loja\/wp-json\/wp\/v2\/media?parent=58530"}],"wp:term":[{"taxonomy":"product_cat","embeddable":true,"href":"https:\/\/www.livrariarema.com.br\/loja\/wp-json\/wp\/v2\/product_cat?post=58530"},{"taxonomy":"product_tag","embeddable":true,"href":"https:\/\/www.livrariarema.com.br\/loja\/wp-json\/wp\/v2\/product_tag?post=58530"}],"curies":[{"name":"wp","href":"https:\/\/api.w.org\/{rel}","templated":true}]}}