{"id":58532,"date":"2021-01-22T11:33:48","date_gmt":"2021-01-22T14:33:48","guid":{"rendered":"https:\/\/www.livrariarema.com.br\/loja\/produtos\/sem%20categoria\/edificando-sobre-a-rocha-vol-1-como-deus-usou-uma-tempestade-joel-beeke\/"},"modified":"2026-04-24T17:00:45","modified_gmt":"2026-04-24T20:00:45","slug":"edificando-sobre-a-rocha-vol-1-como-deus-usou-uma-tempestade-joel-beeke","status":"publish","type":"product","link":"https:\/\/www.livrariarema.com.br\/loja\/produtos\/livros\/juvenil\/edificando-sobre-a-rocha-vol-1-como-deus-usou-uma-tempestade-joel-beeke\/","title":{"rendered":"Edificando Sobre A Rocha &#8211; Vol 1 &#8211; Como Deus Usou Uma Tempestade &#8211; Joel Beeke"},"content":{"rendered":"<p>As montanhas est\u00e3o escuras e aparecem apenas quando o rel\u00e2mpago atravessa o c\u00e9u. A floresta oferece abrigo e \u00e0 dist\u00e2ncia, o viajante avista uma pequena luz. Avan\u00e7ando em dire\u00e7\u00e3o \u00e0 porta, ele n\u00e3o percebe que algu\u00e9m planejou esta viajem &#8211; h\u00e1 uma senhora na casa que precisa ouvir sobre oamoroso Salvador, Jesus Cristo. Deus est\u00e1 enviando o viajante para falar a ela de Si mesmo. Leia sobre essa tempestade, sobre um tesouro escondido, e sobre a B\u00edblia na mala, al\u00e9m de muitas outras hist\u00f3rias sobre como n\u00f3s devemos viver para Deus e amar a Sua Palavra.<\/p>\n<p>Este livro faz parte da s\u00e9rie Edificando sobre a Rocha:<\/p>\n<p>1. Como Deus Usou Uma Tempestade<\/p>\n<p>2. Como Deus Impediu os Piratas<\/p>\n<p>3. Como Deus Usou Uma Nevasca<\/p>\n<p>4. Como Deus Usou uma Seca e um Guarda-Chuva<\/p>\n<p>5. Como Deus Mandou um Cachorro para Salvar uma Fam\u00edlia<\/p>\n","protected":false},"excerpt":{"rendered":"<p>As montanhas est\u00e3o escuras e aparecem apenas quando o rel\u00e2mpago atravessa o c\u00e9u. A floresta oferece abrigo e \u00e0 dist\u00e2ncia,&hellip;<\/p>\n","protected":false},"featured_media":343060,"comment_status":"open","ping_status":"closed","template":"","meta":[],"product_cat":[184,134],"product_tag":[],"_links":{"self":[{"href":"https:\/\/www.livrariarema.com.br\/loja\/wp-json\/wp\/v2\/product\/58532"}],"collection":[{"href":"https:\/\/www.livrariarema.com.br\/loja\/wp-json\/wp\/v2\/product"}],"about":[{"href":"https:\/\/www.livrariarema.com.br\/loja\/wp-json\/wp\/v2\/types\/product"}],"replies":[{"embeddable":true,"href":"https:\/\/www.livrariarema.com.br\/loja\/wp-json\/wp\/v2\/comments?post=58532"}],"wp:featuredmedia":[{"embeddable":true,"href":"https:\/\/www.livrariarema.com.br\/loja\/wp-json\/wp\/v2\/media\/343060"}],"wp:attachment":[{"href":"https:\/\/www.livrariarema.com.br\/loja\/wp-json\/wp\/v2\/media?parent=58532"}],"wp:term":[{"taxonomy":"product_cat","embeddable":true,"href":"https:\/\/www.livrariarema.com.br\/loja\/wp-json\/wp\/v2\/product_cat?post=58532"},{"taxonomy":"product_tag","embeddable":true,"href":"https:\/\/www.livrariarema.com.br\/loja\/wp-json\/wp\/v2\/product_tag?post=58532"}],"curies":[{"name":"wp","href":"https:\/\/api.w.org\/{rel}","templated":true}]}}