{"id":58564,"date":"2021-01-22T11:34:50","date_gmt":"2021-01-22T14:34:50","guid":{"rendered":"https:\/\/www.livrariarema.com.br\/loja\/produtos\/sem%20categoria\/box-trilogia-o-senhor-dos-aneis-j-r-r-tolkien\/"},"modified":"2026-01-28T15:01:00","modified_gmt":"2026-01-28T18:01:00","slug":"box-trilogia-o-senhor-dos-aneis-j-r-r-tolkien","status":"publish","type":"product","link":"https:\/\/www.livrariarema.com.br\/loja\/produtos\/livros\/ficcao\/box-trilogia-o-senhor-dos-aneis-j-r-r-tolkien\/","title":{"rendered":"Box Trilogia &#8211; O Senhor Dos An\u00e9is &#8211; J. R. R. Tolkien"},"content":{"rendered":"<p>Apesar de ter sido publicado em tr\u00eas volumes &#8211; A Sociedade do Anel, As Duas Torres e O Retorno do Rei &#8211; desde os anos 1950, O Senhor dos An\u00e9is n\u00e3o \u00e9 exatamente uma trilogia, mas um \u00fanico grande romance que s\u00f3 pode ser compreendido em seu conjunto, segundo a concep\u00e7\u00e3o de seu autor, J.R.R. Tolkien. Com design cuidadosamente pensado para refletir a unidade da obra e os desenhos originais feitos por Tolkien para as capas de cada volume, este box re\u00fane os tr\u00eas livros da Saga do Anel e oferece aos leitores uma nova oportunidade de mergulhar no not\u00e1vel mundo da Terra-m\u00e9dia.<\/p>\n","protected":false},"excerpt":{"rendered":"<p>Apesar de ter sido publicado em tr\u00eas volumes &#8211; A Sociedade do Anel, As Duas Torres e O Retorno do&hellip;<\/p>\n","protected":false},"featured_media":343395,"comment_status":"open","ping_status":"closed","template":"","meta":[],"product_cat":[162,134],"product_tag":[],"_links":{"self":[{"href":"https:\/\/www.livrariarema.com.br\/loja\/wp-json\/wp\/v2\/product\/58564"}],"collection":[{"href":"https:\/\/www.livrariarema.com.br\/loja\/wp-json\/wp\/v2\/product"}],"about":[{"href":"https:\/\/www.livrariarema.com.br\/loja\/wp-json\/wp\/v2\/types\/product"}],"replies":[{"embeddable":true,"href":"https:\/\/www.livrariarema.com.br\/loja\/wp-json\/wp\/v2\/comments?post=58564"}],"wp:featuredmedia":[{"embeddable":true,"href":"https:\/\/www.livrariarema.com.br\/loja\/wp-json\/wp\/v2\/media\/343395"}],"wp:attachment":[{"href":"https:\/\/www.livrariarema.com.br\/loja\/wp-json\/wp\/v2\/media?parent=58564"}],"wp:term":[{"taxonomy":"product_cat","embeddable":true,"href":"https:\/\/www.livrariarema.com.br\/loja\/wp-json\/wp\/v2\/product_cat?post=58564"},{"taxonomy":"product_tag","embeddable":true,"href":"https:\/\/www.livrariarema.com.br\/loja\/wp-json\/wp\/v2\/product_tag?post=58564"}],"curies":[{"name":"wp","href":"https:\/\/api.w.org\/{rel}","templated":true}]}}