{"id":58680,"date":"2021-01-22T11:38:24","date_gmt":"2021-01-22T14:38:24","guid":{"rendered":"https:\/\/www.livrariarema.com.br\/loja\/produtos\/sem%20categoria\/na065lg-biblia-letra-grande-dourada-leao\/"},"modified":"2025-09-17T09:02:01","modified_gmt":"2025-09-17T12:02:01","slug":"na065lg-biblia-letra-grande-dourada-leao","status":"publish","type":"product","link":"https:\/\/www.livrariarema.com.br\/loja\/produtos\/biblias\/nova-almeida-atualizada\/na065lg-biblia-letra-grande-dourada-leao\/","title":{"rendered":"Na065lg &#8211; B\u00edblia &#8211; Letra Grande &#8211; Dourada Le\u00e3o"},"content":{"rendered":"<p>Essa edi\u00e7\u00e3o da B\u00edblia Sagrada \u00e9 ideal para quem deseja ler a Palavra de Deus diariamente e procura um texto cl\u00e1ssico mas com linguagem atual.<\/p>\n<p>A Nova Almeida Atualizada (NAA) \u00e9 uma tradu\u00e7\u00e3o lan\u00e7ada em 2017 pela SBB, resultado de uma profunda revis\u00e3o da consagrada tradu\u00e7\u00e3o Almeida Revista e Atualizada. Ela apresenta um texto cl\u00e1ssico com uma linguagem atual, seguindo a norma padr\u00e3o do portugu\u00eas escrito e falado no Brasil.<\/p>\n","protected":false},"excerpt":{"rendered":"<p>Essa edi\u00e7\u00e3o da B\u00edblia Sagrada \u00e9 ideal para quem deseja ler a Palavra de Deus diariamente e procura um texto&hellip;<\/p>\n","protected":false},"featured_media":336905,"comment_status":"open","ping_status":"closed","template":"","meta":[],"product_cat":[139,174],"product_tag":[],"_links":{"self":[{"href":"https:\/\/www.livrariarema.com.br\/loja\/wp-json\/wp\/v2\/product\/58680"}],"collection":[{"href":"https:\/\/www.livrariarema.com.br\/loja\/wp-json\/wp\/v2\/product"}],"about":[{"href":"https:\/\/www.livrariarema.com.br\/loja\/wp-json\/wp\/v2\/types\/product"}],"replies":[{"embeddable":true,"href":"https:\/\/www.livrariarema.com.br\/loja\/wp-json\/wp\/v2\/comments?post=58680"}],"wp:featuredmedia":[{"embeddable":true,"href":"https:\/\/www.livrariarema.com.br\/loja\/wp-json\/wp\/v2\/media\/336905"}],"wp:attachment":[{"href":"https:\/\/www.livrariarema.com.br\/loja\/wp-json\/wp\/v2\/media?parent=58680"}],"wp:term":[{"taxonomy":"product_cat","embeddable":true,"href":"https:\/\/www.livrariarema.com.br\/loja\/wp-json\/wp\/v2\/product_cat?post=58680"},{"taxonomy":"product_tag","embeddable":true,"href":"https:\/\/www.livrariarema.com.br\/loja\/wp-json\/wp\/v2\/product_tag?post=58680"}],"curies":[{"name":"wp","href":"https:\/\/api.w.org\/{rel}","templated":true}]}}