{"id":58691,"date":"2021-01-22T11:38:42","date_gmt":"2021-01-22T14:38:42","guid":{"rendered":"https:\/\/www.livrariarema.com.br\/loja\/produtos\/sem%20categoria\/mulher-e-a-saude-emocional-a-rejane-souza-silva\/"},"modified":"2026-03-13T13:10:07","modified_gmt":"2026-03-13T16:10:07","slug":"mulher-e-a-saude-emocional-a-rejane-souza-silva","status":"publish","type":"product","link":"https:\/\/www.livrariarema.com.br\/loja\/produtos\/livros\/estudo-biblico\/mulher-e-a-saude-emocional-a-rejane-souza-silva\/","title":{"rendered":"Mulher E A Sa\u00fade Emocional, A &#8211; Rejane Souza Silva"},"content":{"rendered":"<p>N\u00f3s mulheres temos muitas coisas para nos preocupar durante o dia. Nosso maior desafio \u00e9 manter o equil\u00edbrio de tudo: a feminilidade, fam\u00edlia, trabalho, casa, sa\u00fade, vida espiritual. Sabendo que o estresse, a ansiedade e a autoestima influenciam muito no nosso dia a dia, Rejane escreveu essa obra, com embasamento psicol\u00f3gico e b\u00edblico, para nos auxiliar a compreender nossos sentimentos e como conseguirmos o equil\u00edbrio de todas essas \u00e1reas na presen\u00e7a de Deus.<\/p>\n","protected":false},"excerpt":{"rendered":"<p>N\u00f3s mulheres temos muitas coisas para nos preocupar durante o dia. Nosso maior desafio \u00e9 manter o equil\u00edbrio de tudo:&hellip;<\/p>\n","protected":false},"featured_media":345989,"comment_status":"open","ping_status":"closed","template":"","meta":[],"product_cat":[161,134],"product_tag":[],"_links":{"self":[{"href":"https:\/\/www.livrariarema.com.br\/loja\/wp-json\/wp\/v2\/product\/58691"}],"collection":[{"href":"https:\/\/www.livrariarema.com.br\/loja\/wp-json\/wp\/v2\/product"}],"about":[{"href":"https:\/\/www.livrariarema.com.br\/loja\/wp-json\/wp\/v2\/types\/product"}],"replies":[{"embeddable":true,"href":"https:\/\/www.livrariarema.com.br\/loja\/wp-json\/wp\/v2\/comments?post=58691"}],"wp:featuredmedia":[{"embeddable":true,"href":"https:\/\/www.livrariarema.com.br\/loja\/wp-json\/wp\/v2\/media\/345989"}],"wp:attachment":[{"href":"https:\/\/www.livrariarema.com.br\/loja\/wp-json\/wp\/v2\/media?parent=58691"}],"wp:term":[{"taxonomy":"product_cat","embeddable":true,"href":"https:\/\/www.livrariarema.com.br\/loja\/wp-json\/wp\/v2\/product_cat?post=58691"},{"taxonomy":"product_tag","embeddable":true,"href":"https:\/\/www.livrariarema.com.br\/loja\/wp-json\/wp\/v2\/product_tag?post=58691"}],"curies":[{"name":"wp","href":"https:\/\/api.w.org\/{rel}","templated":true}]}}