{"id":58752,"date":"2021-01-22T11:40:21","date_gmt":"2021-01-22T14:40:21","guid":{"rendered":"https:\/\/www.livrariarema.com.br\/loja\/produtos\/sem%20categoria\/ea983hpi4-antigo-testamento-interlinear-hebraico-portugues-vol-4\/"},"modified":"2025-09-17T13:57:54","modified_gmt":"2025-09-17T16:57:54","slug":"ea983hpi4-antigo-testamento-interlinear-hebraico-portugues-vol-4","status":"publish","type":"product","link":"https:\/\/www.livrariarema.com.br\/loja\/produtos\/biblias\/outros-idiomas\/ea983hpi4-antigo-testamento-interlinear-hebraico-portugues-vol-4\/","title":{"rendered":"Ea983hpi4 &#8211; Antigo Testamento Interlinear Hebraico-Portugues &#8211; Vol. 4"},"content":{"rendered":"<p>Esta publica\u00e7\u00e3o \u00e9 o quarto volume de uma edi\u00e7\u00e3o interlinear &#8206;do Antigo Testamento, que re\u00fane os textos dos livros dos Escritos: Salmos, J\u00f3, Prov\u00e9rbios, Rute, C\u00e2ntico dos C\u00e2nticos, Eclesiastes, Lamenta\u00e7\u00f5es, Ester, Daniel, Esdras, Neemias, 1Cr\u00f4nicas e 2Cr\u00f4nicas.<br \/>\nO Antigo Testamento Interlinear (ATI) procura traduzir, &#8206;literalmente, cada palavra e cada express\u00e3o do texto hebraico para o &#8206;portugu\u00eas, seguindo seu sentido original. &#8206; O texto base do ATI \u00e9 a Biblia Hebraica Stuttgartensia (BHS).<br \/>\nAl\u00e9m &#8206;de uma tradu\u00e7\u00e3o literal, o ATI apresenta outras duas tradu\u00e7\u00f5es em portugu\u00eas: &#8206;uma vers\u00e3o de equival\u00eancia formal (Almeida Revista e Atualizada, RA), e uma &#8206;vers\u00e3o funcional (Nova Tradu\u00e7\u00e3o na Linguagem de Hoje, NTLH).&#8206; Esta edi\u00e7\u00e3o interlinear da B\u00edblia pode ser utilizada nos estudos acad\u00eamicos, na elabora\u00e7\u00e3o de estudos religiosos e na prepara\u00e7\u00e3o de prega\u00e7\u00f5es.<\/p>\n","protected":false},"excerpt":{"rendered":"<p>Esta publica\u00e7\u00e3o \u00e9 o quarto volume de uma edi\u00e7\u00e3o interlinear &#8206;do Antigo Testamento, que re\u00fane os textos dos livros dos&hellip;<\/p>\n","protected":false},"featured_media":337215,"comment_status":"open","ping_status":"closed","template":"","meta":[],"product_cat":[139,141],"product_tag":[],"_links":{"self":[{"href":"https:\/\/www.livrariarema.com.br\/loja\/wp-json\/wp\/v2\/product\/58752"}],"collection":[{"href":"https:\/\/www.livrariarema.com.br\/loja\/wp-json\/wp\/v2\/product"}],"about":[{"href":"https:\/\/www.livrariarema.com.br\/loja\/wp-json\/wp\/v2\/types\/product"}],"replies":[{"embeddable":true,"href":"https:\/\/www.livrariarema.com.br\/loja\/wp-json\/wp\/v2\/comments?post=58752"}],"wp:featuredmedia":[{"embeddable":true,"href":"https:\/\/www.livrariarema.com.br\/loja\/wp-json\/wp\/v2\/media\/337215"}],"wp:attachment":[{"href":"https:\/\/www.livrariarema.com.br\/loja\/wp-json\/wp\/v2\/media?parent=58752"}],"wp:term":[{"taxonomy":"product_cat","embeddable":true,"href":"https:\/\/www.livrariarema.com.br\/loja\/wp-json\/wp\/v2\/product_cat?post=58752"},{"taxonomy":"product_tag","embeddable":true,"href":"https:\/\/www.livrariarema.com.br\/loja\/wp-json\/wp\/v2\/product_tag?post=58752"}],"curies":[{"name":"wp","href":"https:\/\/api.w.org\/{rel}","templated":true}]}}