{"id":58784,"date":"2021-01-22T11:41:20","date_gmt":"2021-01-22T14:41:20","guid":{"rendered":"https:\/\/www.livrariarema.com.br\/loja\/produtos\/sem%20categoria\/diario-devocional-fala-comigo-jesus\/"},"modified":"2025-07-19T12:10:54","modified_gmt":"2025-07-19T15:10:54","slug":"diario-devocional-fala-comigo-jesus","status":"publish","type":"product","link":"https:\/\/www.livrariarema.com.br\/loja\/produtos\/livros\/devocional\/diario-devocional-fala-comigo-jesus\/","title":{"rendered":"Di\u00e1rio Devocional &#8211; Fala Comigo, Jesus"},"content":{"rendered":"<p>Di\u00e1rios devocionais t\u00eam um importante papel na vida espiritual do crist\u00e3o. Atrav\u00e9s deles, o leitor se conecta com mais facilidade com o divino e \u00e9 estimulado a buscar, mais e mais, a presen\u00e7a do Senhor em todos os momentos de sua vida. A leitura di\u00e1ria em busca de inspira\u00e7\u00e3o, esperan\u00e7a e conforto ajuda a disciplinar os momentos a s\u00f3s com Deus e fornece um roteiro de temas para as s\u00faplicas e a\u00e7\u00f5es de gra\u00e7as. Fala comigo, Jesus &#8211; As palavras Dele para voc\u00ea \u00e9 exatamente o que o subt\u00edtulo sugere: uma conversa com o doce amigo que \u00e9 Cristo. Lindamente editado, o livro \u00e9 companhia perfeita nas suas medita\u00e7\u00f5es; uma esp\u00e9cie de di\u00e1rio, pelo qual somos convidados a compartilhar com o Salvador tudo aquilo que est\u00e1 em nossa alma. Com delicadeza e sensibilidade, o texto nos convida a estreitarmos nosso relacionamento com o Senhor, em um ambiente de confiss\u00e3o e confidencialidade que podem ser expressas nas p\u00e1ginas destinadas \u00e0s &#8220;Minhas palavras para ele&#8221;, na forma de mensagens de f\u00e9 dirigidas ao Senhor por escrito. Fala comigo, Jesus dissipa d\u00favidas, ang\u00fastias e inseguran\u00e7as diante das promessas feitas por Deus nas Escrituras Sagradas, edificando a f\u00e9 e a esperan\u00e7a a cada tema tratado.<\/p>\n","protected":false},"excerpt":{"rendered":"<p>Di\u00e1rios devocionais t\u00eam um importante papel na vida espiritual do crist\u00e3o. Atrav\u00e9s deles, o leitor se conecta com mais facilidade&hellip;<\/p>\n","protected":false},"featured_media":332873,"comment_status":"open","ping_status":"closed","template":"","meta":[],"product_cat":[158,134],"product_tag":[],"_links":{"self":[{"href":"https:\/\/www.livrariarema.com.br\/loja\/wp-json\/wp\/v2\/product\/58784"}],"collection":[{"href":"https:\/\/www.livrariarema.com.br\/loja\/wp-json\/wp\/v2\/product"}],"about":[{"href":"https:\/\/www.livrariarema.com.br\/loja\/wp-json\/wp\/v2\/types\/product"}],"replies":[{"embeddable":true,"href":"https:\/\/www.livrariarema.com.br\/loja\/wp-json\/wp\/v2\/comments?post=58784"}],"wp:featuredmedia":[{"embeddable":true,"href":"https:\/\/www.livrariarema.com.br\/loja\/wp-json\/wp\/v2\/media\/332873"}],"wp:attachment":[{"href":"https:\/\/www.livrariarema.com.br\/loja\/wp-json\/wp\/v2\/media?parent=58784"}],"wp:term":[{"taxonomy":"product_cat","embeddable":true,"href":"https:\/\/www.livrariarema.com.br\/loja\/wp-json\/wp\/v2\/product_cat?post=58784"},{"taxonomy":"product_tag","embeddable":true,"href":"https:\/\/www.livrariarema.com.br\/loja\/wp-json\/wp\/v2\/product_tag?post=58784"}],"curies":[{"name":"wp","href":"https:\/\/api.w.org\/{rel}","templated":true}]}}