{"id":58788,"date":"2021-01-22T11:41:29","date_gmt":"2021-01-22T14:41:29","guid":{"rendered":"https:\/\/www.livrariarema.com.br\/loja\/produtos\/sem%20categoria\/devocional-um-tempo-especial-com-deus-para-mulheres\/"},"modified":"2025-12-10T10:21:36","modified_gmt":"2025-12-10T13:21:36","slug":"devocional-um-tempo-especial-com-deus-para-mulheres","status":"publish","type":"product","link":"https:\/\/www.livrariarema.com.br\/loja\/produtos\/livros\/devocional\/devocional-um-tempo-especial-com-deus-para-mulheres\/","title":{"rendered":"Devocional &#8211; Um Tempo Especial Com Deus Para Mulheres &#8211; Brochura"},"content":{"rendered":"<p>Espera-se que a mulher moderna desempenhe m\u00faltiplos pap\u00e9is. Seja na fam\u00edlia ou perante a sociedade, ela tem de demonstrar disponibilidade, capacidade e afetividade. Isso, sem deixar de lado os cuidados com as pessoas pr\u00f3ximas, como marido, filhos, pais e, naturalmente, consigo mesma. Autoestima, serenidade e equil\u00edbrio s\u00e3o essenciais nesse processo; contudo, quem consegue dar conta de tantas demandas ao mesmo tempo? Como n\u00e3o existem supermulheres, a solu\u00e7\u00e3o \u00e9 buscar a paz onde se pode encontr\u00e1-la &#8211; em Deus. Um tempo especial com Deus para mulheres \u00e9 um devocional em um ano que vai ajudar a leitora a estabelecer uma rotina de medita\u00e7\u00e3o e ora\u00e7\u00e3o diante do Senhor. Escrito com sensibilidade, mas bastante objetiva, a obra convida a uma renova\u00e7\u00e3o de mente e de alma, na certeza de que a resposta certa a todas as inquieta\u00e7\u00f5es e expectativas vem do Senhor. Um tempo especial com Deus para mulheres vai renovar e inspirar leitoras de todas as idades.<\/p>\n","protected":false},"excerpt":{"rendered":"<p>Espera-se que a mulher moderna desempenhe m\u00faltiplos pap\u00e9is. Seja na fam\u00edlia ou perante a sociedade, ela tem de demonstrar disponibilidade,&hellip;<\/p>\n","protected":false},"featured_media":340785,"comment_status":"open","ping_status":"closed","template":"","meta":[],"product_cat":[158,134],"product_tag":[],"_links":{"self":[{"href":"https:\/\/www.livrariarema.com.br\/loja\/wp-json\/wp\/v2\/product\/58788"}],"collection":[{"href":"https:\/\/www.livrariarema.com.br\/loja\/wp-json\/wp\/v2\/product"}],"about":[{"href":"https:\/\/www.livrariarema.com.br\/loja\/wp-json\/wp\/v2\/types\/product"}],"replies":[{"embeddable":true,"href":"https:\/\/www.livrariarema.com.br\/loja\/wp-json\/wp\/v2\/comments?post=58788"}],"wp:featuredmedia":[{"embeddable":true,"href":"https:\/\/www.livrariarema.com.br\/loja\/wp-json\/wp\/v2\/media\/340785"}],"wp:attachment":[{"href":"https:\/\/www.livrariarema.com.br\/loja\/wp-json\/wp\/v2\/media?parent=58788"}],"wp:term":[{"taxonomy":"product_cat","embeddable":true,"href":"https:\/\/www.livrariarema.com.br\/loja\/wp-json\/wp\/v2\/product_cat?post=58788"},{"taxonomy":"product_tag","embeddable":true,"href":"https:\/\/www.livrariarema.com.br\/loja\/wp-json\/wp\/v2\/product_tag?post=58788"}],"curies":[{"name":"wp","href":"https:\/\/api.w.org\/{rel}","templated":true}]}}